{"id":77,"date":"2024-06-05T09:04:05","date_gmt":"2024-06-05T14:04:05","guid":{"rendered":"https:\/\/tecnologia.quito.gob.ec\/?page_id=77"},"modified":"2025-09-16T16:25:56","modified_gmt":"2025-09-16T21:25:56","slug":"elementor-pagina-1610","status":"publish","type":"page","link":"https:\/\/emgirs.gob.ec\/web2025\/elementor-pagina-1610\/","title":{"rendered":"Autoridad"},"content":{"rendered":"\t\t<div data-elementor-type=\"wp-page\" data-elementor-id=\"77\" class=\"elementor elementor-77\" data-elementor-post-type=\"page\">\n\t\t\t\t<div class=\"elementor-element elementor-element-2d26b1d5 e-flex e-con-boxed e-con e-parent\" data-id=\"2d26b1d5\" data-element_type=\"container\">\n\t\t\t\t\t<div class=\"e-con-inner\">\n\t\t\t\t<div class=\"elementor-element elementor-element-4a050700 elementor-widget elementor-widget-shortcode\" data-id=\"4a050700\" data-element_type=\"widget\" data-widget_type=\"shortcode.default\">\n\t\t\t\t<div class=\"elementor-widget-container\">\n\t\t\t\t\t\t\t<div class=\"elementor-shortcode\">\t\t\t<!-- Flexy Breadcrumb -->\r\n\t\t\t<div class=\"fbc fbc-page\">\r\n\r\n\t\t\t\t<!-- Breadcrumb wrapper -->\r\n\t\t\t\t<div class=\"fbc-wrap\">\r\n\r\n\t\t\t\t\t<!-- Ordered list-->\r\n\t\t\t\t\t<ol class=\"fbc-items\" itemscope itemtype=\"https:\/\/schema.org\/BreadcrumbList\">\r\n\t\t\t\t\t\t            <li itemprop=\"itemListElement\" itemscope itemtype=\"https:\/\/schema.org\/ListItem\">\r\n                <span itemprop=\"name\">\r\n                    <!-- Home Link -->\r\n                    <a itemprop=\"item\" href=\"https:\/\/emgirs.gob.ec\/web2025\">\r\n                    \r\n                                                    <i class=\"fa fa-home\" aria-hidden=\"true\"><\/i>Home                    <\/a>\r\n                <\/span>\r\n                <meta itemprop=\"position\" content=\"1\" \/><!-- Meta Position-->\r\n             <\/li><li><span class=\"fbc-separator\">\/<\/span><\/li><li class=\"active\" itemprop=\"itemListElement\" itemscope itemtype=\"https:\/\/schema.org\/ListItem\"><span itemprop=\"name\" title=\"Autoridad\">Autoridad<\/span><meta itemprop=\"position\" content=\"2\" \/><\/li>\t\t\t\t\t<\/ol>\r\n\t\t\t\t\t<div class=\"clearfix\"><\/div>\r\n\t\t\t\t<\/div>\r\n\t\t\t<\/div>\r\n\t\t\t<\/div>\n\t\t\t\t\t\t<\/div>\n\t\t\t\t<\/div>\n\t\t\t\t\t<\/div>\n\t\t\t\t<\/div>\n\t\t<div class=\"elementor-element elementor-element-5146f901 e-flex e-con-boxed e-con e-parent\" data-id=\"5146f901\" data-element_type=\"container\">\n\t\t\t\t\t<div class=\"e-con-inner\">\n\t\t\t\t<div class=\"elementor-element elementor-element-32c2b4aa elementor-widget__width-initial elementor-widget-divider--view-line elementor-widget elementor-widget-divider\" data-id=\"32c2b4aa\" data-element_type=\"widget\" data-widget_type=\"divider.default\">\n\t\t\t\t<div class=\"elementor-widget-container\">\n\t\t\t\t\t\t\t<div class=\"elementor-divider\">\n\t\t\t<span class=\"elementor-divider-separator\">\n\t\t\t\t\t\t<\/span>\n\t\t<\/div>\n\t\t\t\t\t\t<\/div>\n\t\t\t\t<\/div>\n\t\t<div class=\"elementor-element elementor-element-88f77d9 e-flex e-con-boxed e-con e-child\" data-id=\"88f77d9\" data-element_type=\"container\">\n\t\t\t\t\t<div class=\"e-con-inner\">\n\t\t\t\t<div class=\"elementor-element elementor-element-508ee9b7 elementor-widget elementor-widget-heading\" data-id=\"508ee9b7\" data-element_type=\"widget\" data-widget_type=\"heading.default\">\n\t\t\t\t<div class=\"elementor-widget-container\">\n\t\t\t\t\t<h5 class=\"elementor-heading-title elementor-size-default\">GERENCIA GENERAL<\/h5>\t\t\t\t<\/div>\n\t\t\t\t<\/div>\n\t\t\t\t\t<\/div>\n\t\t\t\t<\/div>\n\t\t\t\t<div class=\"elementor-element elementor-element-cfd2913 elementor-widget__width-initial elementor-widget-divider--view-line elementor-widget elementor-widget-divider\" data-id=\"cfd2913\" data-element_type=\"widget\" data-widget_type=\"divider.default\">\n\t\t\t\t<div class=\"elementor-widget-container\">\n\t\t\t\t\t\t\t<div class=\"elementor-divider\">\n\t\t\t<span class=\"elementor-divider-separator\">\n\t\t\t\t\t\t<\/span>\n\t\t<\/div>\n\t\t\t\t\t\t<\/div>\n\t\t\t\t<\/div>\n\t\t\t\t\t<\/div>\n\t\t\t\t<\/div>\n\t\t<div class=\"elementor-element elementor-element-404c1e7 e-con-full e-flex e-con e-parent\" data-id=\"404c1e7\" data-element_type=\"container\">\n\t\t\t\t<div class=\"elementor-element elementor-element-3f61d36c elementor-widget elementor-widget-image\" data-id=\"3f61d36c\" data-element_type=\"widget\" data-widget_type=\"image.default\">\n\t\t\t\t<div class=\"elementor-widget-container\">\n\t\t\t\t\t\t\t\t\t\t\t\t\t\t\t<img fetchpriority=\"high\" decoding=\"async\" width=\"768\" height=\"858\" src=\"https:\/\/emgirs.gob.ec\/web2025\/wp-content\/uploads\/2024\/08\/gerente-general-768x858.jpg\" class=\"attachment-medium_large size-medium_large wp-image-1547\" alt=\"\" srcset=\"https:\/\/emgirs.gob.ec\/web2025\/wp-content\/uploads\/2024\/08\/gerente-general-768x858.jpg 768w, https:\/\/emgirs.gob.ec\/web2025\/wp-content\/uploads\/2024\/08\/gerente-general-268x300.jpg 268w, https:\/\/emgirs.gob.ec\/web2025\/wp-content\/uploads\/2024\/08\/gerente-general-916x1024.jpg 916w, https:\/\/emgirs.gob.ec\/web2025\/wp-content\/uploads\/2024\/08\/gerente-general-1374x1536.jpg 1374w, https:\/\/emgirs.gob.ec\/web2025\/wp-content\/uploads\/2024\/08\/gerente-general.jpg 1600w\" sizes=\"(max-width: 768px) 100vw, 768px\" \/>\t\t\t\t\t\t\t\t\t\t\t\t\t\t\t<\/div>\n\t\t\t\t<\/div>\n\t\t\t\t<\/div>\n\t\t<div class=\"elementor-element elementor-element-4bee6753 e-flex e-con-boxed e-con e-parent\" data-id=\"4bee6753\" data-element_type=\"container\">\n\t\t\t\t\t<div class=\"e-con-inner\">\n\t\t\t\t<div class=\"elementor-element elementor-element-48d21e81 elementor-widget-divider--view-line elementor-widget elementor-widget-divider\" data-id=\"48d21e81\" data-element_type=\"widget\" data-widget_type=\"divider.default\">\n\t\t\t\t<div class=\"elementor-widget-container\">\n\t\t\t\t\t\t\t<div class=\"elementor-divider\">\n\t\t\t<span class=\"elementor-divider-separator\">\n\t\t\t\t\t\t<\/span>\n\t\t<\/div>\n\t\t\t\t\t\t<\/div>\n\t\t\t\t<\/div>\n\t\t\t\t\t<\/div>\n\t\t\t\t<\/div>\n\t\t<div class=\"elementor-element elementor-element-36a18b89 e-flex e-con-boxed e-con e-parent\" data-id=\"36a18b89\" data-element_type=\"container\">\n\t\t\t\t\t<div class=\"e-con-inner\">\n\t\t\t\t<div class=\"elementor-element elementor-element-33315b10 elementor-widget elementor-widget-text-editor\" data-id=\"33315b10\" data-element_type=\"widget\" data-widget_type=\"text-editor.default\">\n\t\t\t\t<div class=\"elementor-widget-container\">\n\t\t\t\t\t\t\t\t\t<h3><strong>Gerente General<\/strong><\/h3><p data-start=\"176\" data-end=\"388\">El Ing. Santiago Andrade Piedra, Gerente General de EMGIRS EP, posee amplia experiencia en cargos gerenciales en los sectores de construcci\u00f3n, manejo de residuos y disposici\u00f3n de desechos peligrosos y especiales.<\/p><p data-start=\"390\" data-end=\"585\">En su gesti\u00f3n actual, lidera procesos clave como la transferencia, transporte y disposici\u00f3n final de residuos, as\u00ed como la recolecci\u00f3n y almacenamiento temporal de desechos peligrosos dom\u00e9sticos.<\/p><p data-start=\"587\" data-end=\"952\">Ha dirigido la elaboraci\u00f3n de planes de manejo de residuos s\u00f3lidos y aguas residuales, y supervisa la gesti\u00f3n administrativa y financiera relacionada. Su trayectoria incluye an\u00e1lisis t\u00e9cnicos para proyectos ambientales y asesor\u00edas en el suministro de materiales para obras de construcci\u00f3n, proyectos petroleros e impermeabilizaci\u00f3n en diversas regiones del Ecuador.<\/p><p data-start=\"954\" data-end=\"998\">Entre sus principales competencias destacan:<\/p><ul data-start=\"1000\" data-end=\"1193\"><li data-start=\"1000\" data-end=\"1030\"><p data-start=\"1002\" data-end=\"1030\">Gesti\u00f3n \u00f3ptima de recursos<\/p><\/li><li data-start=\"1031\" data-end=\"1055\"><p data-start=\"1033\" data-end=\"1055\">Trabajo colaborativo<\/p><\/li><li data-start=\"1056\" data-end=\"1084\"><p data-start=\"1058\" data-end=\"1084\">Orientaci\u00f3n a resultados<\/p><\/li><li data-start=\"1085\" data-end=\"1107\"><p data-start=\"1087\" data-end=\"1107\">Liderazgo efectivo<\/p><\/li><li data-start=\"1108\" data-end=\"1157\"><p data-start=\"1110\" data-end=\"1157\">Negociaci\u00f3n y relaciones interinstitucionales<\/p><\/li><li data-start=\"1158\" data-end=\"1193\"><p data-start=\"1160\" data-end=\"1193\">Toma de decisiones estrat\u00e9gicas<\/p><\/li><\/ul><p data-start=\"1195\" data-end=\"1302\">Su experiencia y compromiso son clave para el desarrollo sostenible y la eficiencia operativa de EMGIRS EP.<\/p>\t\t\t\t\t\t\t\t<\/div>\n\t\t\t\t<\/div>\n\t\t\t\t\t<\/div>\n\t\t\t\t<\/div>\n\t\t\t\t<\/div>\n\t\t","protected":false},"excerpt":{"rendered":"<p>GERENCIA GENERAL Gerente General El Ing. Santiago Andrade Piedra, Gerente General de EMGIRS EP, posee amplia experiencia en cargos gerenciales [&hellip;]<\/p>\n","protected":false},"author":3,"featured_media":0,"parent":0,"menu_order":0,"comment_status":"closed","ping_status":"closed","template":"","meta":{"site-sidebar-layout":"no-sidebar","site-content-layout":"","ast-site-content-layout":"full-width-container","site-content-style":"default","site-sidebar-style":"default","ast-global-header-display":"","ast-banner-title-visibility":"","ast-main-header-display":"","ast-hfb-above-header-display":"","ast-hfb-below-header-display":"","ast-hfb-mobile-header-display":"","site-post-title":"disabled","ast-breadcrumbs-content":"","ast-featured-img":"disabled","footer-sml-layout":"","theme-transparent-header-meta":"","adv-header-id-meta":"","stick-header-meta":"","header-above-stick-meta":"","header-main-stick-meta":"","header-below-stick-meta":"","astra-migrate-meta-layouts":"default","ast-page-background-enabled":"default","ast-page-background-meta":{"desktop":{"background-color":"var(--ast-global-color-5)","background-image":"","background-repeat":"repeat","background-position":"center center","background-size":"auto","background-attachment":"scroll","background-type":"","background-media":"","overlay-type":"","overlay-color":"","overlay-opacity":"","overlay-gradient":""},"tablet":{"background-color":"","background-image":"","background-repeat":"repeat","background-position":"center center","background-size":"auto","background-attachment":"scroll","background-type":"","background-media":"","overlay-type":"","overlay-color":"","overlay-opacity":"","overlay-gradient":""},"mobile":{"background-color":"","background-image":"","background-repeat":"repeat","background-position":"center center","background-size":"auto","background-attachment":"scroll","background-type":"","background-media":"","overlay-type":"","overlay-color":"","overlay-opacity":"","overlay-gradient":""}},"ast-content-background-meta":{"desktop":{"background-color":"var(--ast-global-color-4)","background-image":"","background-repeat":"repeat","background-position":"center center","background-size":"auto","background-attachment":"scroll","background-type":"","background-media":"","overlay-type":"","overlay-color":"","overlay-opacity":"","overlay-gradient":""},"tablet":{"background-color":"var(--ast-global-color-4)","background-image":"","background-repeat":"repeat","background-position":"center center","background-size":"auto","background-attachment":"scroll","background-type":"","background-media":"","overlay-type":"","overlay-color":"","overlay-opacity":"","overlay-gradient":""},"mobile":{"background-color":"var(--ast-global-color-4)","background-image":"","background-repeat":"repeat","background-position":"center center","background-size":"auto","background-attachment":"scroll","background-type":"","background-media":"","overlay-type":"","overlay-color":"","overlay-opacity":"","overlay-gradient":""}},"footnotes":""},"class_list":["post-77","page","type-page","status-publish","hentry"],"yoast_head":"<!-- This site is optimized with the Yoast SEO plugin v26.0 - https:\/\/yoast.com\/wordpress\/plugins\/seo\/ -->\n<title>Autoridad - EMGIRS EP<\/title>\n<meta name=\"robots\" content=\"index, follow, max-snippet:-1, max-image-preview:large, max-video-preview:-1\" \/>\n<link rel=\"canonical\" href=\"https:\/\/emgirs.gob.ec\/web2025\/elementor-pagina-1610\/\" \/>\n<meta property=\"og:locale\" content=\"es_ES\" \/>\n<meta property=\"og:type\" content=\"article\" \/>\n<meta property=\"og:title\" content=\"Autoridad - EMGIRS EP\" \/>\n<meta property=\"og:description\" content=\"GERENCIA GENERAL Gerente General El Ing. Santiago Andrade Piedra, Gerente General de EMGIRS EP, posee amplia experiencia en cargos gerenciales [&hellip;]\" \/>\n<meta property=\"og:url\" content=\"https:\/\/emgirs.gob.ec\/web2025\/elementor-pagina-1610\/\" \/>\n<meta property=\"og:site_name\" content=\"EMGIRS EP\" \/>\n<meta property=\"article:modified_time\" content=\"2025-09-16T21:25:56+00:00\" \/>\n<meta property=\"og:image\" content=\"https:\/\/emgirs.gob.ec\/web2025\/wp-content\/uploads\/2024\/08\/gerente-general-768x858.jpg\" \/>\n<meta name=\"twitter:card\" content=\"summary_large_image\" \/>\n<meta name=\"twitter:label1\" content=\"Tiempo de lectura\" \/>\n\t<meta name=\"twitter:data1\" content=\"1 minuto\" \/>\n<script type=\"application\/ld+json\" class=\"yoast-schema-graph\">{\"@context\":\"https:\/\/schema.org\",\"@graph\":[{\"@type\":\"WebPage\",\"@id\":\"https:\/\/emgirs.gob.ec\/web2025\/elementor-pagina-1610\/\",\"url\":\"https:\/\/emgirs.gob.ec\/web2025\/elementor-pagina-1610\/\",\"name\":\"Autoridad - EMGIRS EP\",\"isPartOf\":{\"@id\":\"https:\/\/emgirs.gob.ec\/web2025\/#website\"},\"primaryImageOfPage\":{\"@id\":\"https:\/\/emgirs.gob.ec\/web2025\/elementor-pagina-1610\/#primaryimage\"},\"image\":{\"@id\":\"https:\/\/emgirs.gob.ec\/web2025\/elementor-pagina-1610\/#primaryimage\"},\"thumbnailUrl\":\"https:\/\/emgirs.gob.ec\/web2025\/wp-content\/uploads\/2024\/08\/gerente-general-768x858.jpg\",\"datePublished\":\"2024-06-05T14:04:05+00:00\",\"dateModified\":\"2025-09-16T21:25:56+00:00\",\"breadcrumb\":{\"@id\":\"https:\/\/emgirs.gob.ec\/web2025\/elementor-pagina-1610\/#breadcrumb\"},\"inLanguage\":\"es\",\"potentialAction\":[{\"@type\":\"ReadAction\",\"target\":[\"https:\/\/emgirs.gob.ec\/web2025\/elementor-pagina-1610\/\"]}]},{\"@type\":\"ImageObject\",\"inLanguage\":\"es\",\"@id\":\"https:\/\/emgirs.gob.ec\/web2025\/elementor-pagina-1610\/#primaryimage\",\"url\":\"https:\/\/emgirs.gob.ec\/web2025\/wp-content\/uploads\/2024\/08\/gerente-general.jpg\",\"contentUrl\":\"https:\/\/emgirs.gob.ec\/web2025\/wp-content\/uploads\/2024\/08\/gerente-general.jpg\",\"width\":1600,\"height\":1788},{\"@type\":\"BreadcrumbList\",\"@id\":\"https:\/\/emgirs.gob.ec\/web2025\/elementor-pagina-1610\/#breadcrumb\",\"itemListElement\":[{\"@type\":\"ListItem\",\"position\":1,\"name\":\"Portada\",\"item\":\"https:\/\/emgirs.gob.ec\/web2025\/\"},{\"@type\":\"ListItem\",\"position\":2,\"name\":\"Autoridad\"}]},{\"@type\":\"WebSite\",\"@id\":\"https:\/\/emgirs.gob.ec\/web2025\/#website\",\"url\":\"https:\/\/emgirs.gob.ec\/web2025\/\",\"name\":\"EMGIRS EP\",\"description\":\"S\u00f3lo otro sitio de WordPress\",\"potentialAction\":[{\"@type\":\"SearchAction\",\"target\":{\"@type\":\"EntryPoint\",\"urlTemplate\":\"https:\/\/emgirs.gob.ec\/web2025\/?s={search_term_string}\"},\"query-input\":{\"@type\":\"PropertyValueSpecification\",\"valueRequired\":true,\"valueName\":\"search_term_string\"}}],\"inLanguage\":\"es\"}]}<\/script>\n<!-- \/ Yoast SEO plugin. -->","yoast_head_json":{"title":"Autoridad - EMGIRS EP","robots":{"index":"index","follow":"follow","max-snippet":"max-snippet:-1","max-image-preview":"max-image-preview:large","max-video-preview":"max-video-preview:-1"},"canonical":"https:\/\/emgirs.gob.ec\/web2025\/elementor-pagina-1610\/","og_locale":"es_ES","og_type":"article","og_title":"Autoridad - EMGIRS EP","og_description":"GERENCIA GENERAL Gerente General El Ing. Santiago Andrade Piedra, Gerente General de EMGIRS EP, posee amplia experiencia en cargos gerenciales [&hellip;]","og_url":"https:\/\/emgirs.gob.ec\/web2025\/elementor-pagina-1610\/","og_site_name":"EMGIRS EP","article_modified_time":"2025-09-16T21:25:56+00:00","og_image":[{"url":"https:\/\/emgirs.gob.ec\/web2025\/wp-content\/uploads\/2024\/08\/gerente-general-768x858.jpg","type":"","width":"","height":""}],"twitter_card":"summary_large_image","twitter_misc":{"Tiempo de lectura":"1 minuto"},"schema":{"@context":"https:\/\/schema.org","@graph":[{"@type":"WebPage","@id":"https:\/\/emgirs.gob.ec\/web2025\/elementor-pagina-1610\/","url":"https:\/\/emgirs.gob.ec\/web2025\/elementor-pagina-1610\/","name":"Autoridad - EMGIRS EP","isPartOf":{"@id":"https:\/\/emgirs.gob.ec\/web2025\/#website"},"primaryImageOfPage":{"@id":"https:\/\/emgirs.gob.ec\/web2025\/elementor-pagina-1610\/#primaryimage"},"image":{"@id":"https:\/\/emgirs.gob.ec\/web2025\/elementor-pagina-1610\/#primaryimage"},"thumbnailUrl":"https:\/\/emgirs.gob.ec\/web2025\/wp-content\/uploads\/2024\/08\/gerente-general-768x858.jpg","datePublished":"2024-06-05T14:04:05+00:00","dateModified":"2025-09-16T21:25:56+00:00","breadcrumb":{"@id":"https:\/\/emgirs.gob.ec\/web2025\/elementor-pagina-1610\/#breadcrumb"},"inLanguage":"es","potentialAction":[{"@type":"ReadAction","target":["https:\/\/emgirs.gob.ec\/web2025\/elementor-pagina-1610\/"]}]},{"@type":"ImageObject","inLanguage":"es","@id":"https:\/\/emgirs.gob.ec\/web2025\/elementor-pagina-1610\/#primaryimage","url":"https:\/\/emgirs.gob.ec\/web2025\/wp-content\/uploads\/2024\/08\/gerente-general.jpg","contentUrl":"https:\/\/emgirs.gob.ec\/web2025\/wp-content\/uploads\/2024\/08\/gerente-general.jpg","width":1600,"height":1788},{"@type":"BreadcrumbList","@id":"https:\/\/emgirs.gob.ec\/web2025\/elementor-pagina-1610\/#breadcrumb","itemListElement":[{"@type":"ListItem","position":1,"name":"Portada","item":"https:\/\/emgirs.gob.ec\/web2025\/"},{"@type":"ListItem","position":2,"name":"Autoridad"}]},{"@type":"WebSite","@id":"https:\/\/emgirs.gob.ec\/web2025\/#website","url":"https:\/\/emgirs.gob.ec\/web2025\/","name":"EMGIRS EP","description":"S\u00f3lo otro sitio de WordPress","potentialAction":[{"@type":"SearchAction","target":{"@type":"EntryPoint","urlTemplate":"https:\/\/emgirs.gob.ec\/web2025\/?s={search_term_string}"},"query-input":{"@type":"PropertyValueSpecification","valueRequired":true,"valueName":"search_term_string"}}],"inLanguage":"es"}]}},"_links":{"self":[{"href":"https:\/\/emgirs.gob.ec\/web2025\/wp-json\/wp\/v2\/pages\/77","targetHints":{"allow":["GET"]}}],"collection":[{"href":"https:\/\/emgirs.gob.ec\/web2025\/wp-json\/wp\/v2\/pages"}],"about":[{"href":"https:\/\/emgirs.gob.ec\/web2025\/wp-json\/wp\/v2\/types\/page"}],"author":[{"embeddable":true,"href":"https:\/\/emgirs.gob.ec\/web2025\/wp-json\/wp\/v2\/users\/3"}],"replies":[{"embeddable":true,"href":"https:\/\/emgirs.gob.ec\/web2025\/wp-json\/wp\/v2\/comments?post=77"}],"version-history":[{"count":44,"href":"https:\/\/emgirs.gob.ec\/web2025\/wp-json\/wp\/v2\/pages\/77\/revisions"}],"predecessor-version":[{"id":3495,"href":"https:\/\/emgirs.gob.ec\/web2025\/wp-json\/wp\/v2\/pages\/77\/revisions\/3495"}],"wp:attachment":[{"href":"https:\/\/emgirs.gob.ec\/web2025\/wp-json\/wp\/v2\/media?parent=77"}],"curies":[{"name":"wp","href":"https:\/\/api.w.org\/{rel}","templated":true}]}}