{"id":4395,"date":"2025-09-26T15:42:44","date_gmt":"2025-09-26T20:42:44","guid":{"rendered":"https:\/\/emgirs.gob.ec\/web2025\/?page_id=4395"},"modified":"2025-09-26T16:09:12","modified_gmt":"2025-09-26T21:09:12","slug":"estacion-de-transferencia-sur","status":"publish","type":"page","link":"https:\/\/emgirs.gob.ec\/web2025\/estacion-de-transferencia-sur\/","title":{"rendered":"ESTACI\u00d3N DE TRANSFERENCIA SUR"},"content":{"rendered":"\t\t<div data-elementor-type=\"wp-page\" data-elementor-id=\"4395\" class=\"elementor elementor-4395\" data-elementor-post-type=\"page\">\n\t\t\t\t<div class=\"elementor-element elementor-element-f959ca3 e-flex e-con-boxed e-con e-parent\" data-id=\"f959ca3\" data-element_type=\"container\">\n\t\t\t\t\t<div class=\"e-con-inner\">\n\t\t\t\t<div class=\"elementor-element elementor-element-d4a92ea elementor-widget elementor-widget-shortcode\" data-id=\"d4a92ea\" data-element_type=\"widget\" data-widget_type=\"shortcode.default\">\n\t\t\t\t<div class=\"elementor-widget-container\">\n\t\t\t\t\t\t\t<div class=\"elementor-shortcode\">\t\t\t<!-- Flexy Breadcrumb -->\r\n\t\t\t<div class=\"fbc fbc-page\">\r\n\r\n\t\t\t\t<!-- Breadcrumb wrapper -->\r\n\t\t\t\t<div class=\"fbc-wrap\">\r\n\r\n\t\t\t\t\t<!-- Ordered list-->\r\n\t\t\t\t\t<ol class=\"fbc-items\" itemscope itemtype=\"https:\/\/schema.org\/BreadcrumbList\">\r\n\t\t\t\t\t\t            <li itemprop=\"itemListElement\" itemscope itemtype=\"https:\/\/schema.org\/ListItem\">\r\n                <span itemprop=\"name\">\r\n                    <!-- Home Link -->\r\n                    <a itemprop=\"item\" href=\"https:\/\/emgirs.gob.ec\/web2025\">\r\n                    \r\n                                                    <i class=\"fa fa-home\" aria-hidden=\"true\"><\/i>Home                    <\/a>\r\n                <\/span>\r\n                <meta itemprop=\"position\" content=\"1\" \/><!-- Meta Position-->\r\n             <\/li><li><span class=\"fbc-separator\">\/<\/span><\/li><li class=\"active\" itemprop=\"itemListElement\" itemscope itemtype=\"https:\/\/schema.org\/ListItem\"><span itemprop=\"name\" title=\"ESTACI\u00d3N DE TRANSFERENCIA SUR\">ESTACI\u00d3N DE TRANSFERENCIA SUR<\/span><meta itemprop=\"position\" content=\"2\" \/><\/li>\t\t\t\t\t<\/ol>\r\n\t\t\t\t\t<div class=\"clearfix\"><\/div>\r\n\t\t\t\t<\/div>\r\n\t\t\t<\/div>\r\n\t\t\t<\/div>\n\t\t\t\t\t\t<\/div>\n\t\t\t\t<\/div>\n\t\t\t\t\t<\/div>\n\t\t\t\t<\/div>\n\t\t<div class=\"elementor-element elementor-element-eebbb8c e-flex e-con-boxed e-con e-parent\" data-id=\"eebbb8c\" data-element_type=\"container\">\n\t\t\t\t\t<div class=\"e-con-inner\">\n\t\t\t\t<div class=\"elementor-element elementor-element-0dbf692 elementor-widget-divider--view-line elementor-widget elementor-widget-divider\" data-id=\"0dbf692\" data-element_type=\"widget\" data-widget_type=\"divider.default\">\n\t\t\t\t<div class=\"elementor-widget-container\">\n\t\t\t\t\t\t\t<div class=\"elementor-divider\">\n\t\t\t<span class=\"elementor-divider-separator\">\n\t\t\t\t\t\t<\/span>\n\t\t<\/div>\n\t\t\t\t\t\t<\/div>\n\t\t\t\t<\/div>\n\t\t<div class=\"elementor-element elementor-element-13b499e e-flex e-con-boxed e-con e-child\" data-id=\"13b499e\" data-element_type=\"container\">\n\t\t\t\t\t<div class=\"e-con-inner\">\n\t\t\t\t<div class=\"elementor-element elementor-element-f2ae4bd elementor-widget elementor-widget-heading\" data-id=\"f2ae4bd\" data-element_type=\"widget\" data-widget_type=\"heading.default\">\n\t\t\t\t<div class=\"elementor-widget-container\">\n\t\t\t\t\t<h5 class=\"elementor-heading-title elementor-size-default\">ESTACI\u00d3N DE TRANSFERENCIA NORTE<\/h5>\t\t\t\t<\/div>\n\t\t\t\t<\/div>\n\t\t\t\t\t<\/div>\n\t\t\t\t<\/div>\n\t\t\t\t<div class=\"elementor-element elementor-element-e9e6c41 elementor-widget-divider--view-line elementor-widget elementor-widget-divider\" data-id=\"e9e6c41\" data-element_type=\"widget\" data-widget_type=\"divider.default\">\n\t\t\t\t<div class=\"elementor-widget-container\">\n\t\t\t\t\t\t\t<div class=\"elementor-divider\">\n\t\t\t<span class=\"elementor-divider-separator\">\n\t\t\t\t\t\t<\/span>\n\t\t<\/div>\n\t\t\t\t\t\t<\/div>\n\t\t\t\t<\/div>\n\t\t\t\t\t<\/div>\n\t\t\t\t<\/div>\n\t\t<div class=\"elementor-element elementor-element-096e573 e-flex e-con-boxed e-con e-parent\" data-id=\"096e573\" data-element_type=\"container\">\n\t\t\t\t\t<div class=\"e-con-inner\">\n\t\t\t\t<div class=\"elementor-element elementor-element-729dfd0 elementor-widget elementor-widget-image\" data-id=\"729dfd0\" data-element_type=\"widget\" data-widget_type=\"image.default\">\n\t\t\t\t<div class=\"elementor-widget-container\">\n\t\t\t\t\t\t\t\t\t\t\t\t\t\t\t<img fetchpriority=\"high\" decoding=\"async\" width=\"1024\" height=\"576\" src=\"https:\/\/emgirs.gob.ec\/web2025\/wp-content\/uploads\/2025\/09\/etsur1-1024x576.jpg\" class=\"attachment-large size-large wp-image-4397\" alt=\"\" srcset=\"https:\/\/emgirs.gob.ec\/web2025\/wp-content\/uploads\/2025\/09\/etsur1-1024x576.jpg 1024w, https:\/\/emgirs.gob.ec\/web2025\/wp-content\/uploads\/2025\/09\/etsur1-300x169.jpg 300w, https:\/\/emgirs.gob.ec\/web2025\/wp-content\/uploads\/2025\/09\/etsur1-768x432.jpg 768w, https:\/\/emgirs.gob.ec\/web2025\/wp-content\/uploads\/2025\/09\/etsur1.jpg 1232w\" sizes=\"(max-width: 1024px) 100vw, 1024px\" \/>\t\t\t\t\t\t\t\t\t\t\t\t\t\t\t<\/div>\n\t\t\t\t<\/div>\n\t\t\t\t\t<\/div>\n\t\t\t\t<\/div>\n\t\t<div class=\"elementor-element elementor-element-ab617b9 e-flex e-con-boxed e-con e-parent\" data-id=\"ab617b9\" data-element_type=\"container\">\n\t\t\t\t\t<div class=\"e-con-inner\">\n\t\t<div class=\"elementor-element elementor-element-0f5978d e-con-full e-flex e-con e-child\" data-id=\"0f5978d\" data-element_type=\"container\">\n\t\t\t\t<div class=\"elementor-element elementor-element-91bec43 elementor-widget-tablet__width-initial elementor-widget elementor-widget-text-editor\" data-id=\"91bec43\" data-element_type=\"widget\" data-widget_type=\"text-editor.default\">\n\t\t\t\t<div class=\"elementor-widget-container\">\n\t\t\t\t\t\t\t\t\t<p>\u00a0<\/p><p>La Estaci\u00f3n de Transferencia Sur (ET SUR) es una estaci\u00f3n de carga directa de alta capacidad con compactadora de desechos, en la que se receptan los residuos generados en la zona sur del Distrito Metropolitano de Quito. El \u00e1rea de transferencia tiene una superficie de 1.800 m\u00b2.<\/p>\t\t\t\t\t\t\t\t<\/div>\n\t\t\t\t<\/div>\n\t\t\t\t<\/div>\n\t\t<div class=\"elementor-element elementor-element-30ad0b2 e-con-full e-flex e-con e-child\" data-id=\"30ad0b2\" data-element_type=\"container\">\n\t\t\t\t<div class=\"elementor-element elementor-element-e53f86d elementor-widget__width-auto elementor-widget elementor-widget-image\" data-id=\"e53f86d\" data-element_type=\"widget\" data-widget_type=\"image.default\">\n\t\t\t\t<div class=\"elementor-widget-container\">\n\t\t\t\t\t\t\t\t\t\t\t\t\t\t\t<img decoding=\"async\" width=\"768\" height=\"432\" src=\"https:\/\/emgirs.gob.ec\/web2025\/wp-content\/uploads\/2025\/09\/etsur2-768x432.jpg\" class=\"attachment-medium_large size-medium_large wp-image-4398\" alt=\"\" srcset=\"https:\/\/emgirs.gob.ec\/web2025\/wp-content\/uploads\/2025\/09\/etsur2-768x432.jpg 768w, https:\/\/emgirs.gob.ec\/web2025\/wp-content\/uploads\/2025\/09\/etsur2-300x169.jpg 300w, https:\/\/emgirs.gob.ec\/web2025\/wp-content\/uploads\/2025\/09\/etsur2.jpg 932w\" sizes=\"(max-width: 768px) 100vw, 768px\" \/>\t\t\t\t\t\t\t\t\t\t\t\t\t\t\t<\/div>\n\t\t\t\t<\/div>\n\t\t\t\t<\/div>\n\t\t\t\t\t<\/div>\n\t\t\t\t<\/div>\n\t\t<div class=\"elementor-element elementor-element-62e324a e-flex e-con-boxed e-con e-parent\" data-id=\"62e324a\" data-element_type=\"container\">\n\t\t\t\t\t<div class=\"e-con-inner\">\n\t\t\t\t<div class=\"elementor-element elementor-element-f7b9cd5 elementor-widget-divider--view-line elementor-widget elementor-widget-divider\" data-id=\"f7b9cd5\" data-element_type=\"widget\" data-widget_type=\"divider.default\">\n\t\t\t\t<div class=\"elementor-widget-container\">\n\t\t\t\t\t\t\t<div class=\"elementor-divider\">\n\t\t\t<span class=\"elementor-divider-separator\">\n\t\t\t\t\t\t<\/span>\n\t\t<\/div>\n\t\t\t\t\t\t<\/div>\n\t\t\t\t<\/div>\n\t\t\t\t<div class=\"elementor-element elementor-element-5c3d64c elementor-widget elementor-widget-text-editor\" data-id=\"5c3d64c\" data-element_type=\"widget\" data-widget_type=\"text-editor.default\">\n\t\t\t\t<div class=\"elementor-widget-container\">\n\t\t\t\t\t\t\t\t\t<p>La Estaci\u00f3n de Transferencia Sur (ET-Sur) constituye una infraestructura estrat\u00e9gica para la gesti\u00f3n integral de residuos s\u00f3lidos urbanos en el Distrito Metropolitano de Quito. Actualmente, su administraci\u00f3n est\u00e1 a cargo de la Empresa P\u00fablica Metropolitana de Gesti\u00f3n Integral de Residuos S\u00f3lidos (EMGIRS-EP).<\/p><p>La estaci\u00f3n se encuentra ubicada en la avenida Sim\u00f3n Bol\u00edvar, barrio Tambo del Inca, junto al Parque Metropolitano del Sur y a 2 km del intercambiador de Guajal\u00f3. Dispone de un \u00e1rea operativa de 1.800 m\u00b2 y funciona de manera continua, las 24 horas del d\u00eda, los 7 d\u00edas de la semana.<\/p>\t\t\t\t\t\t\t\t<\/div>\n\t\t\t\t<\/div>\n\t\t\t\t\t<\/div>\n\t\t\t\t<\/div>\n\t\t<div class=\"elementor-element elementor-element-6e005f1 e-flex e-con-boxed e-con e-parent\" data-id=\"6e005f1\" data-element_type=\"container\">\n\t\t\t\t\t<div class=\"e-con-inner\">\n\t\t\t\t<div class=\"elementor-element elementor-element-dbf6b55 elementor-widget elementor-widget-image\" data-id=\"dbf6b55\" data-element_type=\"widget\" data-widget_type=\"image.default\">\n\t\t\t\t<div class=\"elementor-widget-container\">\n\t\t\t\t\t\t\t\t\t\t\t\t\t\t\t<img decoding=\"async\" width=\"768\" height=\"512\" src=\"https:\/\/emgirs.gob.ec\/web2025\/wp-content\/uploads\/2025\/09\/etsur3-768x512.jpg\" class=\"attachment-medium_large size-medium_large wp-image-4400\" alt=\"\" srcset=\"https:\/\/emgirs.gob.ec\/web2025\/wp-content\/uploads\/2025\/09\/etsur3-768x512.jpg 768w, https:\/\/emgirs.gob.ec\/web2025\/wp-content\/uploads\/2025\/09\/etsur3-300x200.jpg 300w, https:\/\/emgirs.gob.ec\/web2025\/wp-content\/uploads\/2025\/09\/etsur3-1024x683.jpg 1024w, https:\/\/emgirs.gob.ec\/web2025\/wp-content\/uploads\/2025\/09\/etsur3.jpg 1260w\" sizes=\"(max-width: 768px) 100vw, 768px\" \/>\t\t\t\t\t\t\t\t\t\t\t\t\t\t\t<\/div>\n\t\t\t\t<\/div>\n\t\t\t\t\t<\/div>\n\t\t\t\t<\/div>\n\t\t<div class=\"elementor-element elementor-element-f7c207f e-flex e-con-boxed e-con e-parent\" data-id=\"f7c207f\" data-element_type=\"container\">\n\t\t\t\t\t<div class=\"e-con-inner\">\n\t\t\t\t<div class=\"elementor-element elementor-element-334eb7d elementor-widget-divider--view-line elementor-widget elementor-widget-divider\" data-id=\"334eb7d\" data-element_type=\"widget\" data-widget_type=\"divider.default\">\n\t\t\t\t<div class=\"elementor-widget-container\">\n\t\t\t\t\t\t\t<div class=\"elementor-divider\">\n\t\t\t<span class=\"elementor-divider-separator\">\n\t\t\t\t\t\t<\/span>\n\t\t<\/div>\n\t\t\t\t\t\t<\/div>\n\t\t\t\t<\/div>\n\t\t\t\t<div class=\"elementor-element elementor-element-1c53fd0 elementor-widget elementor-widget-text-editor\" data-id=\"1c53fd0\" data-element_type=\"widget\" data-widget_type=\"text-editor.default\">\n\t\t\t\t<div class=\"elementor-widget-container\">\n\t\t\t\t\t\t\t\t\t<p>Cabe se\u00f1alar que hasta el 21 de julio de 2023 la ET-Sur fue administrada por la Fundaci\u00f3n Sembrar Esperanza (SEMBRES). A partir del 22 de julio de 2023, la gesti\u00f3n pas\u00f3 de manera directa a la EMGIRS-EP, lo que ha fortalecido el control, el monitoreo y la eficiencia en el manejo de residuos s\u00f3lidos urbanos en la capital.<\/p>\t\t\t\t\t\t\t\t<\/div>\n\t\t\t\t<\/div>\n\t\t\t\t\t<\/div>\n\t\t\t\t<\/div>\n\t\t<div class=\"elementor-element elementor-element-0218131 e-flex e-con-boxed e-con e-parent\" data-id=\"0218131\" data-element_type=\"container\">\n\t\t\t\t\t<div class=\"e-con-inner\">\n\t\t\t\t<div class=\"elementor-element elementor-element-f7c700c elementor-widget elementor-widget-image\" data-id=\"f7c700c\" data-element_type=\"widget\" data-widget_type=\"image.default\">\n\t\t\t\t<div class=\"elementor-widget-container\">\n\t\t\t\t\t\t\t\t\t\t\t\t\t\t\t<img loading=\"lazy\" decoding=\"async\" width=\"768\" height=\"512\" src=\"https:\/\/emgirs.gob.ec\/web2025\/wp-content\/uploads\/2025\/09\/etsur4-768x512.jpg\" class=\"attachment-medium_large size-medium_large wp-image-4406\" alt=\"\" srcset=\"https:\/\/emgirs.gob.ec\/web2025\/wp-content\/uploads\/2025\/09\/etsur4-768x512.jpg 768w, https:\/\/emgirs.gob.ec\/web2025\/wp-content\/uploads\/2025\/09\/etsur4-300x200.jpg 300w, https:\/\/emgirs.gob.ec\/web2025\/wp-content\/uploads\/2025\/09\/etsur4-1024x683.jpg 1024w, https:\/\/emgirs.gob.ec\/web2025\/wp-content\/uploads\/2025\/09\/etsur4-1536x1024.jpg 1536w, https:\/\/emgirs.gob.ec\/web2025\/wp-content\/uploads\/2025\/09\/etsur4.jpg 1660w\" sizes=\"(max-width: 768px) 100vw, 768px\" \/>\t\t\t\t\t\t\t\t\t\t\t\t\t\t\t<\/div>\n\t\t\t\t<\/div>\n\t\t\t\t\t<\/div>\n\t\t\t\t<\/div>\n\t\t<div class=\"elementor-element elementor-element-26b86c5 e-flex e-con-boxed e-con e-parent\" data-id=\"26b86c5\" data-element_type=\"container\">\n\t\t\t\t\t<div class=\"e-con-inner\">\n\t\t\t\t<div class=\"elementor-element elementor-element-ffddd3b elementor-widget elementor-widget-text-editor\" data-id=\"ffddd3b\" data-element_type=\"widget\" data-widget_type=\"text-editor.default\">\n\t\t\t\t<div class=\"elementor-widget-container\">\n\t\t\t\t\t\t\t\t\t<p><strong>UBICACI\u00d3N:<\/strong>\u00a0Avenida Sim\u00f3n Bol\u00edvar, en el barrio Tambo del Inca, al lado del Parque Metropolitano del Sur.<\/p>\t\t\t\t\t\t\t\t<\/div>\n\t\t\t\t<\/div>\n\t\t\t\t\t<\/div>\n\t\t\t\t<\/div>\n\t\t<div class=\"elementor-element elementor-element-60a737b e-flex e-con-boxed e-con e-parent\" data-id=\"60a737b\" data-element_type=\"container\">\n\t\t\t\t\t<div class=\"e-con-inner\">\n\t\t\t\t<div class=\"elementor-element elementor-element-9a46894 elementor-widget elementor-widget-html\" data-id=\"9a46894\" data-element_type=\"widget\" data-widget_type=\"html.default\">\n\t\t\t\t<div class=\"elementor-widget-container\">\n\t\t\t\t\t<iframe src=\"https:\/\/www.google.com\/maps\/embed?pb=!1m18!1m12!1m3!1d3989.760611882389!2d-78.52136829999999!3d-0.3081636!2m3!1f0!2f0!3f0!3m2!1i1024!2i768!4f13.1!3m3!1m2!1s0x91d5a261ef68dfc7%3A0x53746c71d689fb7f!2sEstaci%C3%B3n%20de%20Transferencia%20Sur%20EMGIRS-EP!5e0!3m2!1ses-419!2sec!4v1758920666533!5m2!1ses-419!2sec\" width=\"600\" height=\"250\" style=\"border:0;\" allowfullscreen=\"\" loading=\"lazy\" referrerpolicy=\"no-referrer-when-downgrade\"><\/iframe>\t\t\t\t<\/div>\n\t\t\t\t<\/div>\n\t\t\t\t\t<\/div>\n\t\t\t\t<\/div>\n\t\t\t\t<\/div>\n\t\t","protected":false},"excerpt":{"rendered":"<p>ESTACI\u00d3N DE TRANSFERENCIA NORTE \u00a0 La Estaci\u00f3n de Transferencia Sur (ET SUR) es una estaci\u00f3n de carga directa de alta [&hellip;]<\/p>\n","protected":false},"author":1,"featured_media":0,"parent":0,"menu_order":0,"comment_status":"closed","ping_status":"closed","template":"","meta":{"site-sidebar-layout":"no-sidebar","site-content-layout":"","ast-site-content-layout":"full-width-container","site-content-style":"default","site-sidebar-style":"default","ast-global-header-display":"","ast-banner-title-visibility":"","ast-main-header-display":"","ast-hfb-above-header-display":"","ast-hfb-below-header-display":"","ast-hfb-mobile-header-display":"","site-post-title":"disabled","ast-breadcrumbs-content":"","ast-featured-img":"disabled","footer-sml-layout":"","theme-transparent-header-meta":"default","adv-header-id-meta":"","stick-header-meta":"","header-above-stick-meta":"","header-main-stick-meta":"","header-below-stick-meta":"","astra-migrate-meta-layouts":"set","ast-page-background-enabled":"default","ast-page-background-meta":{"desktop":{"background-color":"var(--ast-global-color-5)","background-image":"","background-repeat":"repeat","background-position":"center center","background-size":"auto","background-attachment":"scroll","background-type":"","background-media":"","overlay-type":"","overlay-color":"","overlay-opacity":"","overlay-gradient":""},"tablet":{"background-color":"","background-image":"","background-repeat":"repeat","background-position":"center center","background-size":"auto","background-attachment":"scroll","background-type":"","background-media":"","overlay-type":"","overlay-color":"","overlay-opacity":"","overlay-gradient":""},"mobile":{"background-color":"","background-image":"","background-repeat":"repeat","background-position":"center center","background-size":"auto","background-attachment":"scroll","background-type":"","background-media":"","overlay-type":"","overlay-color":"","overlay-opacity":"","overlay-gradient":""}},"ast-content-background-meta":{"desktop":{"background-color":"var(--ast-global-color-4)","background-image":"","background-repeat":"repeat","background-position":"center center","background-size":"auto","background-attachment":"scroll","background-type":"","background-media":"","overlay-type":"","overlay-color":"","overlay-opacity":"","overlay-gradient":""},"tablet":{"background-color":"var(--ast-global-color-4)","background-image":"","background-repeat":"repeat","background-position":"center center","background-size":"auto","background-attachment":"scroll","background-type":"","background-media":"","overlay-type":"","overlay-color":"","overlay-opacity":"","overlay-gradient":""},"mobile":{"background-color":"var(--ast-global-color-4)","background-image":"","background-repeat":"repeat","background-position":"center center","background-size":"auto","background-attachment":"scroll","background-type":"","background-media":"","overlay-type":"","overlay-color":"","overlay-opacity":"","overlay-gradient":""}},"footnotes":""},"class_list":["post-4395","page","type-page","status-publish","hentry"],"yoast_head":"<!-- This site is optimized with the Yoast SEO plugin v26.0 - https:\/\/yoast.com\/wordpress\/plugins\/seo\/ -->\n<title>ESTACI\u00d3N DE TRANSFERENCIA SUR - EMGIRS EP<\/title>\n<meta name=\"robots\" content=\"index, follow, max-snippet:-1, max-image-preview:large, max-video-preview:-1\" \/>\n<link rel=\"canonical\" href=\"https:\/\/emgirs.gob.ec\/web2025\/estacion-de-transferencia-sur\/\" \/>\n<meta property=\"og:locale\" content=\"es_ES\" \/>\n<meta property=\"og:type\" content=\"article\" \/>\n<meta property=\"og:title\" content=\"ESTACI\u00d3N DE TRANSFERENCIA SUR - EMGIRS EP\" \/>\n<meta property=\"og:description\" content=\"ESTACI\u00d3N DE TRANSFERENCIA NORTE \u00a0 La Estaci\u00f3n de Transferencia Sur (ET SUR) es una estaci\u00f3n de carga directa de alta [&hellip;]\" \/>\n<meta property=\"og:url\" content=\"https:\/\/emgirs.gob.ec\/web2025\/estacion-de-transferencia-sur\/\" \/>\n<meta property=\"og:site_name\" content=\"EMGIRS EP\" \/>\n<meta property=\"article:modified_time\" content=\"2025-09-26T21:09:12+00:00\" \/>\n<meta property=\"og:image\" content=\"https:\/\/emgirs.gob.ec\/web2025\/wp-content\/uploads\/2025\/09\/etsur1.jpg\" \/>\n\t<meta property=\"og:image:width\" content=\"1232\" \/>\n\t<meta property=\"og:image:height\" content=\"693\" \/>\n\t<meta property=\"og:image:type\" content=\"image\/jpeg\" \/>\n<meta name=\"twitter:card\" content=\"summary_large_image\" \/>\n<meta name=\"twitter:label1\" content=\"Tiempo de lectura\" \/>\n\t<meta name=\"twitter:data1\" content=\"2 minutos\" \/>\n<script type=\"application\/ld+json\" class=\"yoast-schema-graph\">{\"@context\":\"https:\/\/schema.org\",\"@graph\":[{\"@type\":\"WebPage\",\"@id\":\"https:\/\/emgirs.gob.ec\/web2025\/estacion-de-transferencia-sur\/\",\"url\":\"https:\/\/emgirs.gob.ec\/web2025\/estacion-de-transferencia-sur\/\",\"name\":\"ESTACI\u00d3N DE TRANSFERENCIA SUR - EMGIRS EP\",\"isPartOf\":{\"@id\":\"https:\/\/emgirs.gob.ec\/web2025\/#website\"},\"primaryImageOfPage\":{\"@id\":\"https:\/\/emgirs.gob.ec\/web2025\/estacion-de-transferencia-sur\/#primaryimage\"},\"image\":{\"@id\":\"https:\/\/emgirs.gob.ec\/web2025\/estacion-de-transferencia-sur\/#primaryimage\"},\"thumbnailUrl\":\"https:\/\/emgirs.gob.ec\/web2025\/wp-content\/uploads\/2025\/09\/etsur1-1024x576.jpg\",\"datePublished\":\"2025-09-26T20:42:44+00:00\",\"dateModified\":\"2025-09-26T21:09:12+00:00\",\"breadcrumb\":{\"@id\":\"https:\/\/emgirs.gob.ec\/web2025\/estacion-de-transferencia-sur\/#breadcrumb\"},\"inLanguage\":\"es\",\"potentialAction\":[{\"@type\":\"ReadAction\",\"target\":[\"https:\/\/emgirs.gob.ec\/web2025\/estacion-de-transferencia-sur\/\"]}]},{\"@type\":\"ImageObject\",\"inLanguage\":\"es\",\"@id\":\"https:\/\/emgirs.gob.ec\/web2025\/estacion-de-transferencia-sur\/#primaryimage\",\"url\":\"https:\/\/emgirs.gob.ec\/web2025\/wp-content\/uploads\/2025\/09\/etsur1.jpg\",\"contentUrl\":\"https:\/\/emgirs.gob.ec\/web2025\/wp-content\/uploads\/2025\/09\/etsur1.jpg\",\"width\":1232,\"height\":693},{\"@type\":\"BreadcrumbList\",\"@id\":\"https:\/\/emgirs.gob.ec\/web2025\/estacion-de-transferencia-sur\/#breadcrumb\",\"itemListElement\":[{\"@type\":\"ListItem\",\"position\":1,\"name\":\"Portada\",\"item\":\"https:\/\/emgirs.gob.ec\/web2025\/\"},{\"@type\":\"ListItem\",\"position\":2,\"name\":\"ESTACI\u00d3N DE TRANSFERENCIA SUR\"}]},{\"@type\":\"WebSite\",\"@id\":\"https:\/\/emgirs.gob.ec\/web2025\/#website\",\"url\":\"https:\/\/emgirs.gob.ec\/web2025\/\",\"name\":\"EMGIRS EP\",\"description\":\"S\u00f3lo otro sitio de WordPress\",\"potentialAction\":[{\"@type\":\"SearchAction\",\"target\":{\"@type\":\"EntryPoint\",\"urlTemplate\":\"https:\/\/emgirs.gob.ec\/web2025\/?s={search_term_string}\"},\"query-input\":{\"@type\":\"PropertyValueSpecification\",\"valueRequired\":true,\"valueName\":\"search_term_string\"}}],\"inLanguage\":\"es\"}]}<\/script>\n<!-- \/ Yoast SEO plugin. -->","yoast_head_json":{"title":"ESTACI\u00d3N DE TRANSFERENCIA SUR - EMGIRS EP","robots":{"index":"index","follow":"follow","max-snippet":"max-snippet:-1","max-image-preview":"max-image-preview:large","max-video-preview":"max-video-preview:-1"},"canonical":"https:\/\/emgirs.gob.ec\/web2025\/estacion-de-transferencia-sur\/","og_locale":"es_ES","og_type":"article","og_title":"ESTACI\u00d3N DE TRANSFERENCIA SUR - EMGIRS EP","og_description":"ESTACI\u00d3N DE TRANSFERENCIA NORTE \u00a0 La Estaci\u00f3n de Transferencia Sur (ET SUR) es una estaci\u00f3n de carga directa de alta [&hellip;]","og_url":"https:\/\/emgirs.gob.ec\/web2025\/estacion-de-transferencia-sur\/","og_site_name":"EMGIRS EP","article_modified_time":"2025-09-26T21:09:12+00:00","og_image":[{"width":1232,"height":693,"url":"https:\/\/emgirs.gob.ec\/web2025\/wp-content\/uploads\/2025\/09\/etsur1.jpg","type":"image\/jpeg"}],"twitter_card":"summary_large_image","twitter_misc":{"Tiempo de lectura":"2 minutos"},"schema":{"@context":"https:\/\/schema.org","@graph":[{"@type":"WebPage","@id":"https:\/\/emgirs.gob.ec\/web2025\/estacion-de-transferencia-sur\/","url":"https:\/\/emgirs.gob.ec\/web2025\/estacion-de-transferencia-sur\/","name":"ESTACI\u00d3N DE TRANSFERENCIA SUR - EMGIRS EP","isPartOf":{"@id":"https:\/\/emgirs.gob.ec\/web2025\/#website"},"primaryImageOfPage":{"@id":"https:\/\/emgirs.gob.ec\/web2025\/estacion-de-transferencia-sur\/#primaryimage"},"image":{"@id":"https:\/\/emgirs.gob.ec\/web2025\/estacion-de-transferencia-sur\/#primaryimage"},"thumbnailUrl":"https:\/\/emgirs.gob.ec\/web2025\/wp-content\/uploads\/2025\/09\/etsur1-1024x576.jpg","datePublished":"2025-09-26T20:42:44+00:00","dateModified":"2025-09-26T21:09:12+00:00","breadcrumb":{"@id":"https:\/\/emgirs.gob.ec\/web2025\/estacion-de-transferencia-sur\/#breadcrumb"},"inLanguage":"es","potentialAction":[{"@type":"ReadAction","target":["https:\/\/emgirs.gob.ec\/web2025\/estacion-de-transferencia-sur\/"]}]},{"@type":"ImageObject","inLanguage":"es","@id":"https:\/\/emgirs.gob.ec\/web2025\/estacion-de-transferencia-sur\/#primaryimage","url":"https:\/\/emgirs.gob.ec\/web2025\/wp-content\/uploads\/2025\/09\/etsur1.jpg","contentUrl":"https:\/\/emgirs.gob.ec\/web2025\/wp-content\/uploads\/2025\/09\/etsur1.jpg","width":1232,"height":693},{"@type":"BreadcrumbList","@id":"https:\/\/emgirs.gob.ec\/web2025\/estacion-de-transferencia-sur\/#breadcrumb","itemListElement":[{"@type":"ListItem","position":1,"name":"Portada","item":"https:\/\/emgirs.gob.ec\/web2025\/"},{"@type":"ListItem","position":2,"name":"ESTACI\u00d3N DE TRANSFERENCIA SUR"}]},{"@type":"WebSite","@id":"https:\/\/emgirs.gob.ec\/web2025\/#website","url":"https:\/\/emgirs.gob.ec\/web2025\/","name":"EMGIRS EP","description":"S\u00f3lo otro sitio de WordPress","potentialAction":[{"@type":"SearchAction","target":{"@type":"EntryPoint","urlTemplate":"https:\/\/emgirs.gob.ec\/web2025\/?s={search_term_string}"},"query-input":{"@type":"PropertyValueSpecification","valueRequired":true,"valueName":"search_term_string"}}],"inLanguage":"es"}]}},"_links":{"self":[{"href":"https:\/\/emgirs.gob.ec\/web2025\/wp-json\/wp\/v2\/pages\/4395","targetHints":{"allow":["GET"]}}],"collection":[{"href":"https:\/\/emgirs.gob.ec\/web2025\/wp-json\/wp\/v2\/pages"}],"about":[{"href":"https:\/\/emgirs.gob.ec\/web2025\/wp-json\/wp\/v2\/types\/page"}],"author":[{"embeddable":true,"href":"https:\/\/emgirs.gob.ec\/web2025\/wp-json\/wp\/v2\/users\/1"}],"replies":[{"embeddable":true,"href":"https:\/\/emgirs.gob.ec\/web2025\/wp-json\/wp\/v2\/comments?post=4395"}],"version-history":[{"count":7,"href":"https:\/\/emgirs.gob.ec\/web2025\/wp-json\/wp\/v2\/pages\/4395\/revisions"}],"predecessor-version":[{"id":4409,"href":"https:\/\/emgirs.gob.ec\/web2025\/wp-json\/wp\/v2\/pages\/4395\/revisions\/4409"}],"wp:attachment":[{"href":"https:\/\/emgirs.gob.ec\/web2025\/wp-json\/wp\/v2\/media?parent=4395"}],"curies":[{"name":"wp","href":"https:\/\/api.w.org\/{rel}","templated":true}]}}