{"id":4370,"date":"2025-09-26T11:54:47","date_gmt":"2025-09-26T16:54:47","guid":{"rendered":"https:\/\/emgirs.gob.ec\/web2025\/?page_id=4370"},"modified":"2025-09-26T12:13:36","modified_gmt":"2025-09-26T17:13:36","slug":"planta-de-generacion-de-energia","status":"publish","type":"page","link":"https:\/\/emgirs.gob.ec\/web2025\/planta-de-generacion-de-energia\/","title":{"rendered":"Planta de Generaci\u00f3n de Energ\u00eda"},"content":{"rendered":"\t\t<div data-elementor-type=\"wp-page\" data-elementor-id=\"4370\" class=\"elementor elementor-4370\" data-elementor-post-type=\"page\">\n\t\t\t\t<div class=\"elementor-element elementor-element-f959ca3 e-flex e-con-boxed e-con e-parent\" data-id=\"f959ca3\" data-element_type=\"container\">\n\t\t\t\t\t<div class=\"e-con-inner\">\n\t\t\t\t<div class=\"elementor-element elementor-element-d4a92ea elementor-widget elementor-widget-shortcode\" data-id=\"d4a92ea\" data-element_type=\"widget\" data-widget_type=\"shortcode.default\">\n\t\t\t\t<div class=\"elementor-widget-container\">\n\t\t\t\t\t\t\t<div class=\"elementor-shortcode\">\t\t\t<!-- Flexy Breadcrumb -->\r\n\t\t\t<div class=\"fbc fbc-page\">\r\n\r\n\t\t\t\t<!-- Breadcrumb wrapper -->\r\n\t\t\t\t<div class=\"fbc-wrap\">\r\n\r\n\t\t\t\t\t<!-- Ordered list-->\r\n\t\t\t\t\t<ol class=\"fbc-items\" itemscope itemtype=\"https:\/\/schema.org\/BreadcrumbList\">\r\n\t\t\t\t\t\t            <li itemprop=\"itemListElement\" itemscope itemtype=\"https:\/\/schema.org\/ListItem\">\r\n                <span itemprop=\"name\">\r\n                    <!-- Home Link -->\r\n                    <a itemprop=\"item\" href=\"https:\/\/emgirs.gob.ec\/web2025\">\r\n                    \r\n                                                    <i class=\"fa fa-home\" aria-hidden=\"true\"><\/i>Home                    <\/a>\r\n                <\/span>\r\n                <meta itemprop=\"position\" content=\"1\" \/><!-- Meta Position-->\r\n             <\/li><li><span class=\"fbc-separator\">\/<\/span><\/li><li class=\"active\" itemprop=\"itemListElement\" itemscope itemtype=\"https:\/\/schema.org\/ListItem\"><span itemprop=\"name\" title=\"Planta de Generaci\u00f3n de Energ\u00eda\">Planta de Generaci\u00f3n de...<\/span><meta itemprop=\"position\" content=\"2\" \/><\/li>\t\t\t\t\t<\/ol>\r\n\t\t\t\t\t<div class=\"clearfix\"><\/div>\r\n\t\t\t\t<\/div>\r\n\t\t\t<\/div>\r\n\t\t\t<\/div>\n\t\t\t\t\t\t<\/div>\n\t\t\t\t<\/div>\n\t\t\t\t\t<\/div>\n\t\t\t\t<\/div>\n\t\t<div class=\"elementor-element elementor-element-eebbb8c e-flex e-con-boxed e-con e-parent\" data-id=\"eebbb8c\" data-element_type=\"container\">\n\t\t\t\t\t<div class=\"e-con-inner\">\n\t\t\t\t<div class=\"elementor-element elementor-element-0dbf692 elementor-widget-divider--view-line elementor-widget elementor-widget-divider\" data-id=\"0dbf692\" data-element_type=\"widget\" data-widget_type=\"divider.default\">\n\t\t\t\t<div class=\"elementor-widget-container\">\n\t\t\t\t\t\t\t<div class=\"elementor-divider\">\n\t\t\t<span class=\"elementor-divider-separator\">\n\t\t\t\t\t\t<\/span>\n\t\t<\/div>\n\t\t\t\t\t\t<\/div>\n\t\t\t\t<\/div>\n\t\t<div class=\"elementor-element elementor-element-13b499e e-flex e-con-boxed e-con e-child\" data-id=\"13b499e\" data-element_type=\"container\">\n\t\t\t\t\t<div class=\"e-con-inner\">\n\t\t\t\t<div class=\"elementor-element elementor-element-f2ae4bd elementor-widget elementor-widget-heading\" data-id=\"f2ae4bd\" data-element_type=\"widget\" data-widget_type=\"heading.default\">\n\t\t\t\t<div class=\"elementor-widget-container\">\n\t\t\t\t\t<h5 class=\"elementor-heading-title elementor-size-default\">Energ\u00eda limpia desde la basura: El Inga genera 9 MW de electricidad<\/h5>\t\t\t\t<\/div>\n\t\t\t\t<\/div>\n\t\t\t\t\t<\/div>\n\t\t\t\t<\/div>\n\t\t\t\t<div class=\"elementor-element elementor-element-e9e6c41 elementor-widget-divider--view-line elementor-widget elementor-widget-divider\" data-id=\"e9e6c41\" data-element_type=\"widget\" data-widget_type=\"divider.default\">\n\t\t\t\t<div class=\"elementor-widget-container\">\n\t\t\t\t\t\t\t<div class=\"elementor-divider\">\n\t\t\t<span class=\"elementor-divider-separator\">\n\t\t\t\t\t\t<\/span>\n\t\t<\/div>\n\t\t\t\t\t\t<\/div>\n\t\t\t\t<\/div>\n\t\t\t\t\t<\/div>\n\t\t\t\t<\/div>\n\t\t<div class=\"elementor-element elementor-element-096e573 e-flex e-con-boxed e-con e-parent\" data-id=\"096e573\" data-element_type=\"container\">\n\t\t\t\t\t<div class=\"e-con-inner\">\n\t\t\t\t<div class=\"elementor-element elementor-element-729dfd0 elementor-widget elementor-widget-image\" data-id=\"729dfd0\" data-element_type=\"widget\" data-widget_type=\"image.default\">\n\t\t\t\t<div class=\"elementor-widget-container\">\n\t\t\t\t\t\t\t\t\t\t\t\t\t\t\t<img fetchpriority=\"high\" decoding=\"async\" width=\"809\" height=\"536\" src=\"https:\/\/emgirs.gob.ec\/web2025\/wp-content\/uploads\/2025\/09\/gasgreen-01.jpg\" class=\"attachment-large size-large wp-image-4374\" alt=\"\" srcset=\"https:\/\/emgirs.gob.ec\/web2025\/wp-content\/uploads\/2025\/09\/gasgreen-01.jpg 809w, https:\/\/emgirs.gob.ec\/web2025\/wp-content\/uploads\/2025\/09\/gasgreen-01-300x199.jpg 300w, https:\/\/emgirs.gob.ec\/web2025\/wp-content\/uploads\/2025\/09\/gasgreen-01-768x509.jpg 768w\" sizes=\"(max-width: 809px) 100vw, 809px\" \/>\t\t\t\t\t\t\t\t\t\t\t\t\t\t\t<\/div>\n\t\t\t\t<\/div>\n\t\t\t\t\t<\/div>\n\t\t\t\t<\/div>\n\t\t<div class=\"elementor-element elementor-element-ab617b9 e-flex e-con-boxed e-con e-parent\" data-id=\"ab617b9\" data-element_type=\"container\">\n\t\t\t\t\t<div class=\"e-con-inner\">\n\t\t<div class=\"elementor-element elementor-element-0f5978d e-con-full e-flex e-con e-child\" data-id=\"0f5978d\" data-element_type=\"container\">\n\t\t\t\t<div class=\"elementor-element elementor-element-91bec43 elementor-widget-tablet__width-initial elementor-widget elementor-widget-text-editor\" data-id=\"91bec43\" data-element_type=\"widget\" data-widget_type=\"text-editor.default\">\n\t\t\t\t<div class=\"elementor-widget-container\">\n\t\t\t\t\t\t\t\t\t<p>\u00a0<\/p><p>El Relleno Sanitario de El Inga, en el oriente de Quito, no solo recibe los residuos de la ciudad, sino que tambi\u00e9n los convierte en energ\u00eda renovable. Gracias a su planta de biog\u00e1s, actualmente genera 9 megavatios (MW), suficientes para abastecer a 40.000 familias.<\/p>\t\t\t\t\t\t\t\t<\/div>\n\t\t\t\t<\/div>\n\t\t\t\t<\/div>\n\t\t<div class=\"elementor-element elementor-element-30ad0b2 e-con-full e-flex e-con e-child\" data-id=\"30ad0b2\" data-element_type=\"container\">\n\t\t\t\t<div class=\"elementor-element elementor-element-e53f86d elementor-widget__width-auto elementor-widget elementor-widget-image\" data-id=\"e53f86d\" data-element_type=\"widget\" data-widget_type=\"image.default\">\n\t\t\t\t<div class=\"elementor-widget-container\">\n\t\t\t\t\t\t\t\t\t\t\t\t\t\t\t<img decoding=\"async\" width=\"768\" height=\"432\" src=\"https:\/\/emgirs.gob.ec\/web2025\/wp-content\/uploads\/2025\/09\/gasgreen-768x432.jpg\" class=\"attachment-medium_large size-medium_large wp-image-4373\" alt=\"\" srcset=\"https:\/\/emgirs.gob.ec\/web2025\/wp-content\/uploads\/2025\/09\/gasgreen-768x432.jpg 768w, https:\/\/emgirs.gob.ec\/web2025\/wp-content\/uploads\/2025\/09\/gasgreen-300x169.jpg 300w, https:\/\/emgirs.gob.ec\/web2025\/wp-content\/uploads\/2025\/09\/gasgreen-1024x575.jpg 1024w, https:\/\/emgirs.gob.ec\/web2025\/wp-content\/uploads\/2025\/09\/gasgreen.jpg 1219w\" sizes=\"(max-width: 768px) 100vw, 768px\" \/>\t\t\t\t\t\t\t\t\t\t\t\t\t\t\t<\/div>\n\t\t\t\t<\/div>\n\t\t\t\t<\/div>\n\t\t\t\t\t<\/div>\n\t\t\t\t<\/div>\n\t\t<div class=\"elementor-element elementor-element-62e324a e-flex e-con-boxed e-con e-parent\" data-id=\"62e324a\" data-element_type=\"container\">\n\t\t\t\t\t<div class=\"e-con-inner\">\n\t\t\t\t<div class=\"elementor-element elementor-element-f7b9cd5 elementor-widget-divider--view-line elementor-widget elementor-widget-divider\" data-id=\"f7b9cd5\" data-element_type=\"widget\" data-widget_type=\"divider.default\">\n\t\t\t\t<div class=\"elementor-widget-container\">\n\t\t\t\t\t\t\t<div class=\"elementor-divider\">\n\t\t\t<span class=\"elementor-divider-separator\">\n\t\t\t\t\t\t<\/span>\n\t\t<\/div>\n\t\t\t\t\t\t<\/div>\n\t\t\t\t<\/div>\n\t\t\t\t<div class=\"elementor-element elementor-element-5c3d64c elementor-widget elementor-widget-text-editor\" data-id=\"5c3d64c\" data-element_type=\"widget\" data-widget_type=\"text-editor.default\">\n\t\t\t\t<div class=\"elementor-widget-container\">\n\t\t\t\t\t\t\t\t\t<p><strong><span style=\"font-size: 16px;\">\u26a1C\u00f3mo funciona la planta<\/span><\/strong><\/p><p>La basura depositada contiene m\u00e1s del 50% de materia org\u00e1nica.<br \/>La descomposici\u00f3n genera biog\u00e1s, con metano como componente principal.<br \/>En lugar de liberarse, el biog\u00e1s se captura mediante pozos y tuber\u00edas HDPE y se conduce a la planta.<br \/>All\u00ed se trata para eliminar impurezas y se inyecta en motores de \u00faltima generaci\u00f3n que producen electricidad.<br \/>Esta tecnolog\u00eda permite reducir 16.000 toneladas de metano al a\u00f1o, equivalente a 400.000 toneladas de CO\u2082, similar a las emisiones de todos los veh\u00edculos de Quito.<\/p><p><strong>Historia y ampliaci\u00f3n del proyecto<\/strong><\/p><ul><li>2012: Alianza estrat\u00e9gica EMGIRS EP \u2013 Gasgreen para captaci\u00f3n y aprovechamiento de biog\u00e1s.<\/li><li>2016: Primera fase \u2013 2 MW.<\/li><li>2017: Segunda fase \u2013 3 MW adicionales (total 5 MW).<\/li><li>2024: Ampliaci\u00f3n \u2013 nuevos generadores y capacidad total 9 MW, abasteciendo a 40.000 hogares.<br \/>Inversi\u00f3n total: USD 20 millones.<\/li><\/ul><p><strong>\ud83c\udf31 Beneficios ambientales<\/strong><\/p><ul><li>Captura y quema controlada de metano, gas 25 veces m\u00e1s potente que el CO\u2082.<\/li><li>Reducci\u00f3n de 16.000 toneladas de metano al a\u00f1o \u2192 equivalente a 400.000 toneladas de CO\u2082.<\/li><li>Registro en la CMNUCC, permitiendo generar Certificados de Reducci\u00f3n de Emisiones (CERS).<\/li><li>Quito ha comercializado 6.580 CERS a Tropical Fruit Export y 135 CERS a Seguros Confianza S.A., siendo pionera en Ecuador.<\/li><\/ul><p><strong>\ud83c\udfed Tecnolog\u00eda al servicio del medioambiente<\/strong><\/p><ul><li>Los cubetos del relleno est\u00e1n sellados con cobertura de tierra natural, donde los residuos fermentan y producen biog\u00e1s.<\/li><li>El gas se transporta a la planta, se trata y se transforma en electricidad con eficiencia cercana al 40%.<\/li><li>La energ\u00eda sobrante se convierte en calor, con potencial para futuros proyectos de aprovechamiento energ\u00e9tico.<\/li><li>El Relleno Sanitario El Inga demuestra que los residuos pueden convertirse en energ\u00eda renovable y sostenible.<\/li><li>Gracias a la alianza EMGIRS-Gasgreen, Quito aprovecha un recurso que antes era un pasivo ambiental, reduciendo emisiones y contribuyendo a la lucha contra el cambio clim\u00e1tico.<\/li><\/ul>\t\t\t\t\t\t\t\t<\/div>\n\t\t\t\t<\/div>\n\t\t\t\t\t<\/div>\n\t\t\t\t<\/div>\n\t\t<div class=\"elementor-element elementor-element-26b86c5 e-flex e-con-boxed e-con e-parent\" data-id=\"26b86c5\" data-element_type=\"container\">\n\t\t\t\t\t<div class=\"e-con-inner\">\n\t\t\t\t<div class=\"elementor-element elementor-element-ffddd3b elementor-widget elementor-widget-text-editor\" data-id=\"ffddd3b\" data-element_type=\"widget\" data-widget_type=\"text-editor.default\">\n\t\t\t\t<div class=\"elementor-widget-container\">\n\t\t\t\t\t\t\t\t\t<p><strong>UBICACI\u00d3N: EL RELLENO SANITARIO DEL DMQ:&nbsp;<\/strong> EST\u00c1 UBICADO A 45 KM DE LA CIUDAD DE QUITO, DENTRO DE UNA ZONA INDUSTRIAL DE ALTO IMPACTO, EN EL SECTOR DE EL INGA BAJO, ENTRE PIFO Y SANGOLQU\u00cd, SOBRE LA V\u00cdA E35.&nbsp;<\/p>\t\t\t\t\t\t\t\t<\/div>\n\t\t\t\t<\/div>\n\t\t\t\t\t<\/div>\n\t\t\t\t<\/div>\n\t\t<div class=\"elementor-element elementor-element-9db4b76 e-flex e-con-boxed e-con e-parent\" data-id=\"9db4b76\" data-element_type=\"container\">\n\t\t\t\t\t<div class=\"e-con-inner\">\n\t\t\t\t<div class=\"elementor-element elementor-element-dbd4e3e elementor-widget elementor-widget-google_maps\" data-id=\"dbd4e3e\" data-element_type=\"widget\" data-widget_type=\"google_maps.default\">\n\t\t\t\t<div class=\"elementor-widget-container\">\n\t\t\t\t\t\t\t<div class=\"elementor-custom-embed\">\n\t\t\t<iframe loading=\"lazy\"\n\t\t\t\t\tsrc=\"https:\/\/maps.google.com\/maps?q=-0.29451593972870677%2C%20-78.35649850572074&#038;t=m&#038;z=15&#038;output=embed&#038;iwloc=near\"\n\t\t\t\t\ttitle=\"-0.29451593972870677, -78.35649850572074\"\n\t\t\t\t\taria-label=\"-0.29451593972870677, -78.35649850572074\"\n\t\t\t><\/iframe>\n\t\t<\/div>\n\t\t\t\t\t\t<\/div>\n\t\t\t\t<\/div>\n\t\t\t\t\t<\/div>\n\t\t\t\t<\/div>\n\t\t\t\t<\/div>\n\t\t","protected":false},"excerpt":{"rendered":"<p>Energ\u00eda limpia desde la basura: El Inga genera 9 MW de electricidad \u00a0 El Relleno Sanitario de El Inga, en [&hellip;]<\/p>\n","protected":false},"author":1,"featured_media":0,"parent":0,"menu_order":0,"comment_status":"closed","ping_status":"closed","template":"","meta":{"site-sidebar-layout":"no-sidebar","site-content-layout":"","ast-site-content-layout":"full-width-container","site-content-style":"default","site-sidebar-style":"default","ast-global-header-display":"","ast-banner-title-visibility":"","ast-main-header-display":"","ast-hfb-above-header-display":"","ast-hfb-below-header-display":"","ast-hfb-mobile-header-display":"","site-post-title":"disabled","ast-breadcrumbs-content":"","ast-featured-img":"disabled","footer-sml-layout":"","theme-transparent-header-meta":"default","adv-header-id-meta":"","stick-header-meta":"","header-above-stick-meta":"","header-main-stick-meta":"","header-below-stick-meta":"","astra-migrate-meta-layouts":"set","ast-page-background-enabled":"default","ast-page-background-meta":{"desktop":{"background-color":"var(--ast-global-color-5)","background-image":"","background-repeat":"repeat","background-position":"center center","background-size":"auto","background-attachment":"scroll","background-type":"","background-media":"","overlay-type":"","overlay-color":"","overlay-opacity":"","overlay-gradient":""},"tablet":{"background-color":"","background-image":"","background-repeat":"repeat","background-position":"center center","background-size":"auto","background-attachment":"scroll","background-type":"","background-media":"","overlay-type":"","overlay-color":"","overlay-opacity":"","overlay-gradient":""},"mobile":{"background-color":"","background-image":"","background-repeat":"repeat","background-position":"center center","background-size":"auto","background-attachment":"scroll","background-type":"","background-media":"","overlay-type":"","overlay-color":"","overlay-opacity":"","overlay-gradient":""}},"ast-content-background-meta":{"desktop":{"background-color":"var(--ast-global-color-4)","background-image":"","background-repeat":"repeat","background-position":"center center","background-size":"auto","background-attachment":"scroll","background-type":"","background-media":"","overlay-type":"","overlay-color":"","overlay-opacity":"","overlay-gradient":""},"tablet":{"background-color":"var(--ast-global-color-4)","background-image":"","background-repeat":"repeat","background-position":"center center","background-size":"auto","background-attachment":"scroll","background-type":"","background-media":"","overlay-type":"","overlay-color":"","overlay-opacity":"","overlay-gradient":""},"mobile":{"background-color":"var(--ast-global-color-4)","background-image":"","background-repeat":"repeat","background-position":"center center","background-size":"auto","background-attachment":"scroll","background-type":"","background-media":"","overlay-type":"","overlay-color":"","overlay-opacity":"","overlay-gradient":""}},"footnotes":""},"class_list":["post-4370","page","type-page","status-publish","hentry"],"yoast_head":"<!-- This site is optimized with the Yoast SEO plugin v26.0 - https:\/\/yoast.com\/wordpress\/plugins\/seo\/ -->\n<title>Planta de Generaci\u00f3n de Energ\u00eda - EMGIRS EP<\/title>\n<meta name=\"robots\" content=\"index, follow, max-snippet:-1, max-image-preview:large, max-video-preview:-1\" \/>\n<link rel=\"canonical\" href=\"https:\/\/emgirs.gob.ec\/web2025\/planta-de-generacion-de-energia\/\" \/>\n<meta property=\"og:locale\" content=\"es_ES\" \/>\n<meta property=\"og:type\" content=\"article\" \/>\n<meta property=\"og:title\" content=\"Planta de Generaci\u00f3n de Energ\u00eda - EMGIRS EP\" \/>\n<meta property=\"og:description\" content=\"Energ\u00eda limpia desde la basura: El Inga genera 9 MW de electricidad \u00a0 El Relleno Sanitario de El Inga, en [&hellip;]\" \/>\n<meta property=\"og:url\" content=\"https:\/\/emgirs.gob.ec\/web2025\/planta-de-generacion-de-energia\/\" \/>\n<meta property=\"og:site_name\" content=\"EMGIRS EP\" \/>\n<meta property=\"article:modified_time\" content=\"2025-09-26T17:13:36+00:00\" \/>\n<meta property=\"og:image\" content=\"https:\/\/emgirs.gob.ec\/web2025\/wp-content\/uploads\/2025\/09\/gasgreen-01.jpg\" \/>\n\t<meta property=\"og:image:width\" content=\"809\" \/>\n\t<meta property=\"og:image:height\" content=\"536\" \/>\n\t<meta property=\"og:image:type\" content=\"image\/jpeg\" \/>\n<meta name=\"twitter:card\" content=\"summary_large_image\" \/>\n<meta name=\"twitter:label1\" content=\"Tiempo de lectura\" \/>\n\t<meta name=\"twitter:data1\" content=\"3 minutos\" \/>\n<script type=\"application\/ld+json\" class=\"yoast-schema-graph\">{\"@context\":\"https:\/\/schema.org\",\"@graph\":[{\"@type\":\"WebPage\",\"@id\":\"https:\/\/emgirs.gob.ec\/web2025\/planta-de-generacion-de-energia\/\",\"url\":\"https:\/\/emgirs.gob.ec\/web2025\/planta-de-generacion-de-energia\/\",\"name\":\"Planta de Generaci\u00f3n de Energ\u00eda - EMGIRS EP\",\"isPartOf\":{\"@id\":\"https:\/\/emgirs.gob.ec\/web2025\/#website\"},\"primaryImageOfPage\":{\"@id\":\"https:\/\/emgirs.gob.ec\/web2025\/planta-de-generacion-de-energia\/#primaryimage\"},\"image\":{\"@id\":\"https:\/\/emgirs.gob.ec\/web2025\/planta-de-generacion-de-energia\/#primaryimage\"},\"thumbnailUrl\":\"https:\/\/emgirs.gob.ec\/web2025\/wp-content\/uploads\/2025\/09\/gasgreen-01.jpg\",\"datePublished\":\"2025-09-26T16:54:47+00:00\",\"dateModified\":\"2025-09-26T17:13:36+00:00\",\"breadcrumb\":{\"@id\":\"https:\/\/emgirs.gob.ec\/web2025\/planta-de-generacion-de-energia\/#breadcrumb\"},\"inLanguage\":\"es\",\"potentialAction\":[{\"@type\":\"ReadAction\",\"target\":[\"https:\/\/emgirs.gob.ec\/web2025\/planta-de-generacion-de-energia\/\"]}]},{\"@type\":\"ImageObject\",\"inLanguage\":\"es\",\"@id\":\"https:\/\/emgirs.gob.ec\/web2025\/planta-de-generacion-de-energia\/#primaryimage\",\"url\":\"https:\/\/emgirs.gob.ec\/web2025\/wp-content\/uploads\/2025\/09\/gasgreen-01.jpg\",\"contentUrl\":\"https:\/\/emgirs.gob.ec\/web2025\/wp-content\/uploads\/2025\/09\/gasgreen-01.jpg\",\"width\":809,\"height\":536},{\"@type\":\"BreadcrumbList\",\"@id\":\"https:\/\/emgirs.gob.ec\/web2025\/planta-de-generacion-de-energia\/#breadcrumb\",\"itemListElement\":[{\"@type\":\"ListItem\",\"position\":1,\"name\":\"Portada\",\"item\":\"https:\/\/emgirs.gob.ec\/web2025\/\"},{\"@type\":\"ListItem\",\"position\":2,\"name\":\"Planta de Generaci\u00f3n de Energ\u00eda\"}]},{\"@type\":\"WebSite\",\"@id\":\"https:\/\/emgirs.gob.ec\/web2025\/#website\",\"url\":\"https:\/\/emgirs.gob.ec\/web2025\/\",\"name\":\"EMGIRS EP\",\"description\":\"S\u00f3lo otro sitio de WordPress\",\"potentialAction\":[{\"@type\":\"SearchAction\",\"target\":{\"@type\":\"EntryPoint\",\"urlTemplate\":\"https:\/\/emgirs.gob.ec\/web2025\/?s={search_term_string}\"},\"query-input\":{\"@type\":\"PropertyValueSpecification\",\"valueRequired\":true,\"valueName\":\"search_term_string\"}}],\"inLanguage\":\"es\"}]}<\/script>\n<!-- \/ Yoast SEO plugin. -->","yoast_head_json":{"title":"Planta de Generaci\u00f3n de Energ\u00eda - EMGIRS EP","robots":{"index":"index","follow":"follow","max-snippet":"max-snippet:-1","max-image-preview":"max-image-preview:large","max-video-preview":"max-video-preview:-1"},"canonical":"https:\/\/emgirs.gob.ec\/web2025\/planta-de-generacion-de-energia\/","og_locale":"es_ES","og_type":"article","og_title":"Planta de Generaci\u00f3n de Energ\u00eda - EMGIRS EP","og_description":"Energ\u00eda limpia desde la basura: El Inga genera 9 MW de electricidad \u00a0 El Relleno Sanitario de El Inga, en [&hellip;]","og_url":"https:\/\/emgirs.gob.ec\/web2025\/planta-de-generacion-de-energia\/","og_site_name":"EMGIRS EP","article_modified_time":"2025-09-26T17:13:36+00:00","og_image":[{"width":809,"height":536,"url":"https:\/\/emgirs.gob.ec\/web2025\/wp-content\/uploads\/2025\/09\/gasgreen-01.jpg","type":"image\/jpeg"}],"twitter_card":"summary_large_image","twitter_misc":{"Tiempo de lectura":"3 minutos"},"schema":{"@context":"https:\/\/schema.org","@graph":[{"@type":"WebPage","@id":"https:\/\/emgirs.gob.ec\/web2025\/planta-de-generacion-de-energia\/","url":"https:\/\/emgirs.gob.ec\/web2025\/planta-de-generacion-de-energia\/","name":"Planta de Generaci\u00f3n de Energ\u00eda - EMGIRS EP","isPartOf":{"@id":"https:\/\/emgirs.gob.ec\/web2025\/#website"},"primaryImageOfPage":{"@id":"https:\/\/emgirs.gob.ec\/web2025\/planta-de-generacion-de-energia\/#primaryimage"},"image":{"@id":"https:\/\/emgirs.gob.ec\/web2025\/planta-de-generacion-de-energia\/#primaryimage"},"thumbnailUrl":"https:\/\/emgirs.gob.ec\/web2025\/wp-content\/uploads\/2025\/09\/gasgreen-01.jpg","datePublished":"2025-09-26T16:54:47+00:00","dateModified":"2025-09-26T17:13:36+00:00","breadcrumb":{"@id":"https:\/\/emgirs.gob.ec\/web2025\/planta-de-generacion-de-energia\/#breadcrumb"},"inLanguage":"es","potentialAction":[{"@type":"ReadAction","target":["https:\/\/emgirs.gob.ec\/web2025\/planta-de-generacion-de-energia\/"]}]},{"@type":"ImageObject","inLanguage":"es","@id":"https:\/\/emgirs.gob.ec\/web2025\/planta-de-generacion-de-energia\/#primaryimage","url":"https:\/\/emgirs.gob.ec\/web2025\/wp-content\/uploads\/2025\/09\/gasgreen-01.jpg","contentUrl":"https:\/\/emgirs.gob.ec\/web2025\/wp-content\/uploads\/2025\/09\/gasgreen-01.jpg","width":809,"height":536},{"@type":"BreadcrumbList","@id":"https:\/\/emgirs.gob.ec\/web2025\/planta-de-generacion-de-energia\/#breadcrumb","itemListElement":[{"@type":"ListItem","position":1,"name":"Portada","item":"https:\/\/emgirs.gob.ec\/web2025\/"},{"@type":"ListItem","position":2,"name":"Planta de Generaci\u00f3n de Energ\u00eda"}]},{"@type":"WebSite","@id":"https:\/\/emgirs.gob.ec\/web2025\/#website","url":"https:\/\/emgirs.gob.ec\/web2025\/","name":"EMGIRS EP","description":"S\u00f3lo otro sitio de WordPress","potentialAction":[{"@type":"SearchAction","target":{"@type":"EntryPoint","urlTemplate":"https:\/\/emgirs.gob.ec\/web2025\/?s={search_term_string}"},"query-input":{"@type":"PropertyValueSpecification","valueRequired":true,"valueName":"search_term_string"}}],"inLanguage":"es"}]}},"_links":{"self":[{"href":"https:\/\/emgirs.gob.ec\/web2025\/wp-json\/wp\/v2\/pages\/4370","targetHints":{"allow":["GET"]}}],"collection":[{"href":"https:\/\/emgirs.gob.ec\/web2025\/wp-json\/wp\/v2\/pages"}],"about":[{"href":"https:\/\/emgirs.gob.ec\/web2025\/wp-json\/wp\/v2\/types\/page"}],"author":[{"embeddable":true,"href":"https:\/\/emgirs.gob.ec\/web2025\/wp-json\/wp\/v2\/users\/1"}],"replies":[{"embeddable":true,"href":"https:\/\/emgirs.gob.ec\/web2025\/wp-json\/wp\/v2\/comments?post=4370"}],"version-history":[{"count":10,"href":"https:\/\/emgirs.gob.ec\/web2025\/wp-json\/wp\/v2\/pages\/4370\/revisions"}],"predecessor-version":[{"id":4384,"href":"https:\/\/emgirs.gob.ec\/web2025\/wp-json\/wp\/v2\/pages\/4370\/revisions\/4384"}],"wp:attachment":[{"href":"https:\/\/emgirs.gob.ec\/web2025\/wp-json\/wp\/v2\/media?parent=4370"}],"curies":[{"name":"wp","href":"https:\/\/api.w.org\/{rel}","templated":true}]}}