{"id":2842,"date":"2025-08-21T09:07:32","date_gmt":"2025-08-21T14:07:32","guid":{"rendered":"https:\/\/emgirs.gob.ec\/web2025\/?page_id=2842"},"modified":"2025-09-29T10:56:10","modified_gmt":"2025-09-29T15:56:10","slug":"ubicacion-de-contenedores-para-residuos-especiales","status":"publish","type":"page","link":"https:\/\/emgirs.gob.ec\/web2025\/ubicacion-de-contenedores-para-residuos-especiales\/","title":{"rendered":"UBICACI\u00d3N DE CONTENEDORES PARA RESIDUOS ESPECIALES"},"content":{"rendered":"\t\t<div data-elementor-type=\"wp-page\" data-elementor-id=\"2842\" class=\"elementor elementor-2842\" data-elementor-post-type=\"page\">\n\t\t\t\t<div class=\"elementor-element elementor-element-f959ca3 e-flex e-con-boxed e-con e-parent\" data-id=\"f959ca3\" data-element_type=\"container\">\n\t\t\t\t\t<div class=\"e-con-inner\">\n\t\t\t\t<div class=\"elementor-element elementor-element-d4a92ea elementor-widget elementor-widget-shortcode\" data-id=\"d4a92ea\" data-element_type=\"widget\" data-widget_type=\"shortcode.default\">\n\t\t\t\t<div class=\"elementor-widget-container\">\n\t\t\t\t\t\t\t<div class=\"elementor-shortcode\">\t\t\t<!-- Flexy Breadcrumb -->\r\n\t\t\t<div class=\"fbc fbc-page\">\r\n\r\n\t\t\t\t<!-- Breadcrumb wrapper -->\r\n\t\t\t\t<div class=\"fbc-wrap\">\r\n\r\n\t\t\t\t\t<!-- Ordered list-->\r\n\t\t\t\t\t<ol class=\"fbc-items\" itemscope itemtype=\"https:\/\/schema.org\/BreadcrumbList\">\r\n\t\t\t\t\t\t            <li itemprop=\"itemListElement\" itemscope itemtype=\"https:\/\/schema.org\/ListItem\">\r\n                <span itemprop=\"name\">\r\n                    <!-- Home Link -->\r\n                    <a itemprop=\"item\" href=\"https:\/\/emgirs.gob.ec\/web2025\">\r\n                    \r\n                                                    <i class=\"fa fa-home\" aria-hidden=\"true\"><\/i>Home                    <\/a>\r\n                <\/span>\r\n                <meta itemprop=\"position\" content=\"1\" \/><!-- Meta Position-->\r\n             <\/li><li><span class=\"fbc-separator\">\/<\/span><\/li><li class=\"active\" itemprop=\"itemListElement\" itemscope itemtype=\"https:\/\/schema.org\/ListItem\"><span itemprop=\"name\" title=\"UBICACI\u00d3N DE CONTENEDORES PARA RESIDUOS ESPECIALES\">UBICACI\u00d3N DE CONTENEDORES PARA...<\/span><meta itemprop=\"position\" content=\"2\" \/><\/li>\t\t\t\t\t<\/ol>\r\n\t\t\t\t\t<div class=\"clearfix\"><\/div>\r\n\t\t\t\t<\/div>\r\n\t\t\t<\/div>\r\n\t\t\t<\/div>\n\t\t\t\t\t\t<\/div>\n\t\t\t\t<\/div>\n\t\t\t\t\t<\/div>\n\t\t\t\t<\/div>\n\t\t<div class=\"elementor-element elementor-element-eebbb8c e-flex e-con-boxed e-con e-parent\" data-id=\"eebbb8c\" data-element_type=\"container\">\n\t\t\t\t\t<div class=\"e-con-inner\">\n\t\t\t\t<div class=\"elementor-element elementor-element-0dbf692 elementor-widget-divider--view-line elementor-widget elementor-widget-divider\" data-id=\"0dbf692\" data-element_type=\"widget\" data-widget_type=\"divider.default\">\n\t\t\t\t<div class=\"elementor-widget-container\">\n\t\t\t\t\t\t\t<div class=\"elementor-divider\">\n\t\t\t<span class=\"elementor-divider-separator\">\n\t\t\t\t\t\t<\/span>\n\t\t<\/div>\n\t\t\t\t\t\t<\/div>\n\t\t\t\t<\/div>\n\t\t<div class=\"elementor-element elementor-element-13b499e e-flex e-con-boxed e-con e-child\" data-id=\"13b499e\" data-element_type=\"container\">\n\t\t\t\t\t<div class=\"e-con-inner\">\n\t\t\t\t<div class=\"elementor-element elementor-element-f2ae4bd elementor-widget elementor-widget-heading\" data-id=\"f2ae4bd\" data-element_type=\"widget\" data-widget_type=\"heading.default\">\n\t\t\t\t<div class=\"elementor-widget-container\">\n\t\t\t\t\t<h5 class=\"elementor-heading-title elementor-size-default\">UBICACI\u00d3N DE CONTENEDORES PARA RESIDUOS ESPECIALES<\/h5>\t\t\t\t<\/div>\n\t\t\t\t<\/div>\n\t\t\t\t\t<\/div>\n\t\t\t\t<\/div>\n\t\t\t\t<div class=\"elementor-element elementor-element-e9e6c41 elementor-widget-divider--view-line elementor-widget elementor-widget-divider\" data-id=\"e9e6c41\" data-element_type=\"widget\" data-widget_type=\"divider.default\">\n\t\t\t\t<div class=\"elementor-widget-container\">\n\t\t\t\t\t\t\t<div class=\"elementor-divider\">\n\t\t\t<span class=\"elementor-divider-separator\">\n\t\t\t\t\t\t<\/span>\n\t\t<\/div>\n\t\t\t\t\t\t<\/div>\n\t\t\t\t<\/div>\n\t\t\t\t\t<\/div>\n\t\t\t\t<\/div>\n\t\t<div class=\"elementor-element elementor-element-ab617b9 e-flex e-con-boxed e-con e-parent\" data-id=\"ab617b9\" data-element_type=\"container\">\n\t\t\t\t\t<div class=\"e-con-inner\">\n\t\t<div class=\"elementor-element elementor-element-0f5978d e-con-full e-flex e-con e-child\" data-id=\"0f5978d\" data-element_type=\"container\">\n\t\t\t\t<div class=\"elementor-element elementor-element-91bec43 elementor-widget-tablet__width-initial elementor-widget elementor-widget-text-editor\" data-id=\"91bec43\" data-element_type=\"widget\" data-widget_type=\"text-editor.default\">\n\t\t\t\t<div class=\"elementor-widget-container\">\n\t\t\t\t\t\t\t\t\t<p>El Municipio de Quito, y La EMGIRS EP, instala\u00a0 contenedores especializados para la recolecci\u00f3n de residuos peligrosos y especiales. Estos puntos est\u00e1n ubicados estrat\u00e9gicamente en centros comerciales, instituciones educativas, mercados populares, terminales y supermercados, con el objetivo de facilitar a la ciudadan\u00eda una disposici\u00f3n segura de estos desechos y proteger el entorno.<\/p>\t\t\t\t\t\t\t\t<\/div>\n\t\t\t\t<\/div>\n\t\t\t\t<\/div>\n\t\t<div class=\"elementor-element elementor-element-30ad0b2 e-con-full e-flex e-con e-child\" data-id=\"30ad0b2\" data-element_type=\"container\">\n\t\t\t\t<div class=\"elementor-element elementor-element-e53f86d elementor-widget__width-auto elementor-widget elementor-widget-image\" data-id=\"e53f86d\" data-element_type=\"widget\" data-widget_type=\"image.default\">\n\t\t\t\t<div class=\"elementor-widget-container\">\n\t\t\t\t\t\t\t\t\t\t\t\t\t\t\t<img fetchpriority=\"high\" decoding=\"async\" width=\"768\" height=\"497\" src=\"https:\/\/emgirs.gob.ec\/web2025\/wp-content\/uploads\/2025\/08\/contesuper-768x497.jpg\" class=\"attachment-medium_large size-medium_large wp-image-2890\" alt=\"\" srcset=\"https:\/\/emgirs.gob.ec\/web2025\/wp-content\/uploads\/2025\/08\/contesuper-768x497.jpg 768w, https:\/\/emgirs.gob.ec\/web2025\/wp-content\/uploads\/2025\/08\/contesuper-300x194.jpg 300w, https:\/\/emgirs.gob.ec\/web2025\/wp-content\/uploads\/2025\/08\/contesuper-1024x663.jpg 1024w, https:\/\/emgirs.gob.ec\/web2025\/wp-content\/uploads\/2025\/08\/contesuper-1536x994.jpg 1536w, https:\/\/emgirs.gob.ec\/web2025\/wp-content\/uploads\/2025\/08\/contesuper-2048x1325.jpg 2048w\" sizes=\"(max-width: 768px) 100vw, 768px\" \/>\t\t\t\t\t\t\t\t\t\t\t\t\t\t\t<\/div>\n\t\t\t\t<\/div>\n\t\t\t\t<\/div>\n\t\t\t\t\t<\/div>\n\t\t\t\t<\/div>\n\t\t<div class=\"elementor-element elementor-element-44e758b e-flex e-con-boxed e-con e-parent\" data-id=\"44e758b\" data-element_type=\"container\">\n\t\t\t\t\t<div class=\"e-con-inner\">\n\t\t\t\t<div class=\"elementor-element elementor-element-9e91446 elementor-widget elementor-widget-html\" data-id=\"9e91446\" data-element_type=\"widget\" data-widget_type=\"html.default\">\n\t\t\t\t<div class=\"elementor-widget-container\">\n\t\t\t\t\t<iframe src=\"https:\/\/emgirs.gob.ec\/especiales\/especiales.html\" width=\"600\" height=\"600\"><\/iframe>\t\t\t\t<\/div>\n\t\t\t\t<\/div>\n\t\t\t\t\t<\/div>\n\t\t\t\t<\/div>\n\t\t<div class=\"elementor-element elementor-element-7221c86 e-flex e-con-boxed e-con e-parent\" data-id=\"7221c86\" data-element_type=\"container\">\n\t\t\t\t\t<div class=\"e-con-inner\">\n\t\t<div class=\"elementor-element elementor-element-34327e2 e-con-full e-flex e-con e-child\" data-id=\"34327e2\" data-element_type=\"container\">\n\t\t<div class=\"elementor-element elementor-element-3918e25 e-con-full e-flex e-con e-child\" data-id=\"3918e25\" data-element_type=\"container\">\n\t\t\t\t<div class=\"elementor-element elementor-element-1c57b76 elementor-widget elementor-widget-text-editor\" data-id=\"1c57b76\" data-element_type=\"widget\" data-widget_type=\"text-editor.default\">\n\t\t\t\t<div class=\"elementor-widget-container\">\n\t\t\t\t\t\t\t\t\t<p>La iniciativa busca garantizar un ambiente m\u00e1s saludable mediante un sistema eficiente y seguro de recolecci\u00f3n, cumpliendo con altos est\u00e1ndares de gesti\u00f3n y seguridad.\u00a0<span style=\"font-style: inherit; font-weight: inherit;\">Los residuos que pueden depositarse se incluyen medicinas caducadas, focos y fluorescentes, lacas y pinturas, aparatos el\u00e9ctricos y electr\u00f3nicos peque\u00f1os, as\u00ed como pilas y bater\u00edas usadas.<\/span><\/p><p data-start=\"1409\" data-end=\"1485\"><strong>De mantenerse esta tendencia, al cierre del a\u00f1o se prev\u00e9 haber recuperado:<\/strong><\/p><ul data-start=\"1487\" data-end=\"1683\"><li data-start=\"1487\" data-end=\"1527\"><p data-start=\"1489\" data-end=\"1527\"><strong data-start=\"1489\" data-end=\"1513\">Medicinas caducadas:<\/strong> 6 toneladas<\/p><\/li><li data-start=\"1528\" data-end=\"1557\"><p data-start=\"1530\" data-end=\"1557\"><strong data-start=\"1530\" data-end=\"1540\">Focos:<\/strong> 2,04 toneladas<\/p><\/li><li data-start=\"1558\" data-end=\"1594\"><p data-start=\"1560\" data-end=\"1594\"><strong data-start=\"1560\" data-end=\"1578\">Fluorescentes:<\/strong> 1,2 toneladas<\/p><\/li><li data-start=\"1595\" data-end=\"1647\"><p data-start=\"1597\" data-end=\"1647\"><strong data-start=\"1597\" data-end=\"1632\">Aparatos electr\u00f3nicos peque\u00f1os:<\/strong> 12 toneladas<\/p><\/li><li data-start=\"1648\" data-end=\"1683\"><p data-start=\"1650\" data-end=\"1683\"><strong data-start=\"1650\" data-end=\"1667\">Pilas usadas:<\/strong> 2,4 toneladas<\/p><\/li><\/ul>\t\t\t\t\t\t\t\t<\/div>\n\t\t\t\t<\/div>\n\t\t\t\t<\/div>\n\t\t\t\t<\/div>\n\t\t<div class=\"elementor-element elementor-element-82eb0b8 e-con-full e-flex e-con e-child\" data-id=\"82eb0b8\" data-element_type=\"container\">\n\t\t<div class=\"elementor-element elementor-element-6aa40d9 e-con-full e-flex e-con e-child\" data-id=\"6aa40d9\" data-element_type=\"container\">\n\t\t\t\t<div class=\"elementor-element elementor-element-199be39 elementor-widget elementor-widget-image\" data-id=\"199be39\" data-element_type=\"widget\" data-widget_type=\"image.default\">\n\t\t\t\t<div class=\"elementor-widget-container\">\n\t\t\t\t\t\t\t\t\t\t\t\t\t\t\t<img decoding=\"async\" width=\"1024\" height=\"683\" src=\"https:\/\/emgirs.gob.ec\/web2025\/wp-content\/uploads\/2025\/08\/resesp01-1024x683.jpg\" class=\"attachment-large size-large wp-image-2857\" alt=\"\" srcset=\"https:\/\/emgirs.gob.ec\/web2025\/wp-content\/uploads\/2025\/08\/resesp01-1024x683.jpg 1024w, https:\/\/emgirs.gob.ec\/web2025\/wp-content\/uploads\/2025\/08\/resesp01-300x200.jpg 300w, https:\/\/emgirs.gob.ec\/web2025\/wp-content\/uploads\/2025\/08\/resesp01-768x512.jpg 768w, https:\/\/emgirs.gob.ec\/web2025\/wp-content\/uploads\/2025\/08\/resesp01-1536x1024.jpg 1536w, https:\/\/emgirs.gob.ec\/web2025\/wp-content\/uploads\/2025\/08\/resesp01-2048x1366.jpg 2048w\" sizes=\"(max-width: 1024px) 100vw, 1024px\" \/>\t\t\t\t\t\t\t\t\t\t\t\t\t\t\t<\/div>\n\t\t\t\t<\/div>\n\t\t\t\t<\/div>\n\t\t\t\t<\/div>\n\t\t\t\t\t<\/div>\n\t\t\t\t<\/div>\n\t\t\t\t<\/div>\n\t\t","protected":false},"excerpt":{"rendered":"<p>UBICACI\u00d3N DE CONTENEDORES PARA RESIDUOS ESPECIALES El Municipio de Quito, y La EMGIRS EP, instala\u00a0 contenedores especializados para la recolecci\u00f3n [&hellip;]<\/p>\n","protected":false},"author":1,"featured_media":0,"parent":0,"menu_order":0,"comment_status":"closed","ping_status":"closed","template":"","meta":{"site-sidebar-layout":"no-sidebar","site-content-layout":"","ast-site-content-layout":"full-width-container","site-content-style":"default","site-sidebar-style":"default","ast-global-header-display":"","ast-banner-title-visibility":"","ast-main-header-display":"","ast-hfb-above-header-display":"","ast-hfb-below-header-display":"","ast-hfb-mobile-header-display":"","site-post-title":"disabled","ast-breadcrumbs-content":"","ast-featured-img":"disabled","footer-sml-layout":"","theme-transparent-header-meta":"default","adv-header-id-meta":"","stick-header-meta":"","header-above-stick-meta":"","header-main-stick-meta":"","header-below-stick-meta":"","astra-migrate-meta-layouts":"set","ast-page-background-enabled":"default","ast-page-background-meta":{"desktop":{"background-color":"var(--ast-global-color-5)","background-image":"","background-repeat":"repeat","background-position":"center center","background-size":"auto","background-attachment":"scroll","background-type":"","background-media":"","overlay-type":"","overlay-color":"","overlay-opacity":"","overlay-gradient":""},"tablet":{"background-color":"","background-image":"","background-repeat":"repeat","background-position":"center center","background-size":"auto","background-attachment":"scroll","background-type":"","background-media":"","overlay-type":"","overlay-color":"","overlay-opacity":"","overlay-gradient":""},"mobile":{"background-color":"","background-image":"","background-repeat":"repeat","background-position":"center center","background-size":"auto","background-attachment":"scroll","background-type":"","background-media":"","overlay-type":"","overlay-color":"","overlay-opacity":"","overlay-gradient":""}},"ast-content-background-meta":{"desktop":{"background-color":"var(--ast-global-color-4)","background-image":"","background-repeat":"repeat","background-position":"center center","background-size":"auto","background-attachment":"scroll","background-type":"","background-media":"","overlay-type":"","overlay-color":"","overlay-opacity":"","overlay-gradient":""},"tablet":{"background-color":"var(--ast-global-color-4)","background-image":"","background-repeat":"repeat","background-position":"center center","background-size":"auto","background-attachment":"scroll","background-type":"","background-media":"","overlay-type":"","overlay-color":"","overlay-opacity":"","overlay-gradient":""},"mobile":{"background-color":"var(--ast-global-color-4)","background-image":"","background-repeat":"repeat","background-position":"center center","background-size":"auto","background-attachment":"scroll","background-type":"","background-media":"","overlay-type":"","overlay-color":"","overlay-opacity":"","overlay-gradient":""}},"footnotes":""},"class_list":["post-2842","page","type-page","status-publish","hentry"],"yoast_head":"<!-- This site is optimized with the Yoast SEO plugin v26.0 - https:\/\/yoast.com\/wordpress\/plugins\/seo\/ -->\n<title>UBICACI\u00d3N DE CONTENEDORES PARA RESIDUOS ESPECIALES - EMGIRS EP<\/title>\n<meta name=\"robots\" content=\"index, follow, max-snippet:-1, max-image-preview:large, max-video-preview:-1\" \/>\n<link rel=\"canonical\" href=\"https:\/\/emgirs.gob.ec\/web2025\/ubicacion-de-contenedores-para-residuos-especiales\/\" \/>\n<meta property=\"og:locale\" content=\"es_ES\" \/>\n<meta property=\"og:type\" content=\"article\" \/>\n<meta property=\"og:title\" content=\"UBICACI\u00d3N DE CONTENEDORES PARA RESIDUOS ESPECIALES - EMGIRS EP\" \/>\n<meta property=\"og:description\" content=\"UBICACI\u00d3N DE CONTENEDORES PARA RESIDUOS ESPECIALES El Municipio de Quito, y La EMGIRS EP, instala\u00a0 contenedores especializados para la recolecci\u00f3n [&hellip;]\" \/>\n<meta property=\"og:url\" content=\"https:\/\/emgirs.gob.ec\/web2025\/ubicacion-de-contenedores-para-residuos-especiales\/\" \/>\n<meta property=\"og:site_name\" content=\"EMGIRS EP\" \/>\n<meta property=\"article:modified_time\" content=\"2025-09-29T15:56:10+00:00\" \/>\n<meta property=\"og:image\" content=\"https:\/\/emgirs.gob.ec\/web2025\/wp-content\/uploads\/2025\/08\/contesuper-scaled.jpg\" \/>\n\t<meta property=\"og:image:width\" content=\"2560\" \/>\n\t<meta property=\"og:image:height\" content=\"1656\" \/>\n\t<meta property=\"og:image:type\" content=\"image\/jpeg\" \/>\n<meta name=\"twitter:card\" content=\"summary_large_image\" \/>\n<meta name=\"twitter:label1\" content=\"Tiempo de lectura\" \/>\n\t<meta name=\"twitter:data1\" content=\"2 minutos\" \/>\n<script type=\"application\/ld+json\" class=\"yoast-schema-graph\">{\"@context\":\"https:\/\/schema.org\",\"@graph\":[{\"@type\":\"WebPage\",\"@id\":\"https:\/\/emgirs.gob.ec\/web2025\/ubicacion-de-contenedores-para-residuos-especiales\/\",\"url\":\"https:\/\/emgirs.gob.ec\/web2025\/ubicacion-de-contenedores-para-residuos-especiales\/\",\"name\":\"UBICACI\u00d3N DE CONTENEDORES PARA RESIDUOS ESPECIALES - EMGIRS EP\",\"isPartOf\":{\"@id\":\"https:\/\/emgirs.gob.ec\/web2025\/#website\"},\"primaryImageOfPage\":{\"@id\":\"https:\/\/emgirs.gob.ec\/web2025\/ubicacion-de-contenedores-para-residuos-especiales\/#primaryimage\"},\"image\":{\"@id\":\"https:\/\/emgirs.gob.ec\/web2025\/ubicacion-de-contenedores-para-residuos-especiales\/#primaryimage\"},\"thumbnailUrl\":\"https:\/\/emgirs.gob.ec\/web2025\/wp-content\/uploads\/2025\/08\/contesuper-768x497.jpg\",\"datePublished\":\"2025-08-21T14:07:32+00:00\",\"dateModified\":\"2025-09-29T15:56:10+00:00\",\"breadcrumb\":{\"@id\":\"https:\/\/emgirs.gob.ec\/web2025\/ubicacion-de-contenedores-para-residuos-especiales\/#breadcrumb\"},\"inLanguage\":\"es\",\"potentialAction\":[{\"@type\":\"ReadAction\",\"target\":[\"https:\/\/emgirs.gob.ec\/web2025\/ubicacion-de-contenedores-para-residuos-especiales\/\"]}]},{\"@type\":\"ImageObject\",\"inLanguage\":\"es\",\"@id\":\"https:\/\/emgirs.gob.ec\/web2025\/ubicacion-de-contenedores-para-residuos-especiales\/#primaryimage\",\"url\":\"https:\/\/emgirs.gob.ec\/web2025\/wp-content\/uploads\/2025\/08\/contesuper-scaled.jpg\",\"contentUrl\":\"https:\/\/emgirs.gob.ec\/web2025\/wp-content\/uploads\/2025\/08\/contesuper-scaled.jpg\",\"width\":2560,\"height\":1656},{\"@type\":\"BreadcrumbList\",\"@id\":\"https:\/\/emgirs.gob.ec\/web2025\/ubicacion-de-contenedores-para-residuos-especiales\/#breadcrumb\",\"itemListElement\":[{\"@type\":\"ListItem\",\"position\":1,\"name\":\"Portada\",\"item\":\"https:\/\/emgirs.gob.ec\/web2025\/\"},{\"@type\":\"ListItem\",\"position\":2,\"name\":\"UBICACI\u00d3N DE CONTENEDORES PARA RESIDUOS ESPECIALES\"}]},{\"@type\":\"WebSite\",\"@id\":\"https:\/\/emgirs.gob.ec\/web2025\/#website\",\"url\":\"https:\/\/emgirs.gob.ec\/web2025\/\",\"name\":\"EMGIRS EP\",\"description\":\"S\u00f3lo otro sitio de WordPress\",\"potentialAction\":[{\"@type\":\"SearchAction\",\"target\":{\"@type\":\"EntryPoint\",\"urlTemplate\":\"https:\/\/emgirs.gob.ec\/web2025\/?s={search_term_string}\"},\"query-input\":{\"@type\":\"PropertyValueSpecification\",\"valueRequired\":true,\"valueName\":\"search_term_string\"}}],\"inLanguage\":\"es\"}]}<\/script>\n<!-- \/ Yoast SEO plugin. -->","yoast_head_json":{"title":"UBICACI\u00d3N DE CONTENEDORES PARA RESIDUOS ESPECIALES - EMGIRS EP","robots":{"index":"index","follow":"follow","max-snippet":"max-snippet:-1","max-image-preview":"max-image-preview:large","max-video-preview":"max-video-preview:-1"},"canonical":"https:\/\/emgirs.gob.ec\/web2025\/ubicacion-de-contenedores-para-residuos-especiales\/","og_locale":"es_ES","og_type":"article","og_title":"UBICACI\u00d3N DE CONTENEDORES PARA RESIDUOS ESPECIALES - EMGIRS EP","og_description":"UBICACI\u00d3N DE CONTENEDORES PARA RESIDUOS ESPECIALES El Municipio de Quito, y La EMGIRS EP, instala\u00a0 contenedores especializados para la recolecci\u00f3n [&hellip;]","og_url":"https:\/\/emgirs.gob.ec\/web2025\/ubicacion-de-contenedores-para-residuos-especiales\/","og_site_name":"EMGIRS EP","article_modified_time":"2025-09-29T15:56:10+00:00","og_image":[{"width":2560,"height":1656,"url":"https:\/\/emgirs.gob.ec\/web2025\/wp-content\/uploads\/2025\/08\/contesuper-scaled.jpg","type":"image\/jpeg"}],"twitter_card":"summary_large_image","twitter_misc":{"Tiempo de lectura":"2 minutos"},"schema":{"@context":"https:\/\/schema.org","@graph":[{"@type":"WebPage","@id":"https:\/\/emgirs.gob.ec\/web2025\/ubicacion-de-contenedores-para-residuos-especiales\/","url":"https:\/\/emgirs.gob.ec\/web2025\/ubicacion-de-contenedores-para-residuos-especiales\/","name":"UBICACI\u00d3N DE CONTENEDORES PARA RESIDUOS ESPECIALES - EMGIRS EP","isPartOf":{"@id":"https:\/\/emgirs.gob.ec\/web2025\/#website"},"primaryImageOfPage":{"@id":"https:\/\/emgirs.gob.ec\/web2025\/ubicacion-de-contenedores-para-residuos-especiales\/#primaryimage"},"image":{"@id":"https:\/\/emgirs.gob.ec\/web2025\/ubicacion-de-contenedores-para-residuos-especiales\/#primaryimage"},"thumbnailUrl":"https:\/\/emgirs.gob.ec\/web2025\/wp-content\/uploads\/2025\/08\/contesuper-768x497.jpg","datePublished":"2025-08-21T14:07:32+00:00","dateModified":"2025-09-29T15:56:10+00:00","breadcrumb":{"@id":"https:\/\/emgirs.gob.ec\/web2025\/ubicacion-de-contenedores-para-residuos-especiales\/#breadcrumb"},"inLanguage":"es","potentialAction":[{"@type":"ReadAction","target":["https:\/\/emgirs.gob.ec\/web2025\/ubicacion-de-contenedores-para-residuos-especiales\/"]}]},{"@type":"ImageObject","inLanguage":"es","@id":"https:\/\/emgirs.gob.ec\/web2025\/ubicacion-de-contenedores-para-residuos-especiales\/#primaryimage","url":"https:\/\/emgirs.gob.ec\/web2025\/wp-content\/uploads\/2025\/08\/contesuper-scaled.jpg","contentUrl":"https:\/\/emgirs.gob.ec\/web2025\/wp-content\/uploads\/2025\/08\/contesuper-scaled.jpg","width":2560,"height":1656},{"@type":"BreadcrumbList","@id":"https:\/\/emgirs.gob.ec\/web2025\/ubicacion-de-contenedores-para-residuos-especiales\/#breadcrumb","itemListElement":[{"@type":"ListItem","position":1,"name":"Portada","item":"https:\/\/emgirs.gob.ec\/web2025\/"},{"@type":"ListItem","position":2,"name":"UBICACI\u00d3N DE CONTENEDORES PARA RESIDUOS ESPECIALES"}]},{"@type":"WebSite","@id":"https:\/\/emgirs.gob.ec\/web2025\/#website","url":"https:\/\/emgirs.gob.ec\/web2025\/","name":"EMGIRS EP","description":"S\u00f3lo otro sitio de WordPress","potentialAction":[{"@type":"SearchAction","target":{"@type":"EntryPoint","urlTemplate":"https:\/\/emgirs.gob.ec\/web2025\/?s={search_term_string}"},"query-input":{"@type":"PropertyValueSpecification","valueRequired":true,"valueName":"search_term_string"}}],"inLanguage":"es"}]}},"_links":{"self":[{"href":"https:\/\/emgirs.gob.ec\/web2025\/wp-json\/wp\/v2\/pages\/2842","targetHints":{"allow":["GET"]}}],"collection":[{"href":"https:\/\/emgirs.gob.ec\/web2025\/wp-json\/wp\/v2\/pages"}],"about":[{"href":"https:\/\/emgirs.gob.ec\/web2025\/wp-json\/wp\/v2\/types\/page"}],"author":[{"embeddable":true,"href":"https:\/\/emgirs.gob.ec\/web2025\/wp-json\/wp\/v2\/users\/1"}],"replies":[{"embeddable":true,"href":"https:\/\/emgirs.gob.ec\/web2025\/wp-json\/wp\/v2\/comments?post=2842"}],"version-history":[{"count":16,"href":"https:\/\/emgirs.gob.ec\/web2025\/wp-json\/wp\/v2\/pages\/2842\/revisions"}],"predecessor-version":[{"id":4523,"href":"https:\/\/emgirs.gob.ec\/web2025\/wp-json\/wp\/v2\/pages\/2842\/revisions\/4523"}],"wp:attachment":[{"href":"https:\/\/emgirs.gob.ec\/web2025\/wp-json\/wp\/v2\/media?parent=2842"}],"curies":[{"name":"wp","href":"https:\/\/api.w.org\/{rel}","templated":true}]}}