{"id":1622,"date":"2024-08-26T06:05:57","date_gmt":"2024-08-26T06:05:57","guid":{"rendered":"https:\/\/pruebas.prosegurec.com.ec\/?page_id=1622"},"modified":"2024-08-29T17:59:10","modified_gmt":"2024-08-29T17:59:10","slug":"elementor-pagina-1610-2","status":"publish","type":"page","link":"https:\/\/emgirs.gob.ec\/web2025\/elementor-pagina-1610-2\/","title":{"rendered":"Objetivos Estrat\u00e9gicos 2024-2027"},"content":{"rendered":"\t\t<div data-elementor-type=\"wp-page\" data-elementor-id=\"1622\" class=\"elementor elementor-1622\" data-elementor-post-type=\"page\">\n\t\t\t\t<div class=\"elementor-element elementor-element-35ddfd7 e-flex e-con-boxed e-con e-parent\" data-id=\"35ddfd7\" data-element_type=\"container\">\n\t\t\t\t\t<div class=\"e-con-inner\">\n\t\t\t\t<div class=\"elementor-element elementor-element-e4b581b elementor-widget elementor-widget-shortcode\" data-id=\"e4b581b\" data-element_type=\"widget\" data-widget_type=\"shortcode.default\">\n\t\t\t\t<div class=\"elementor-widget-container\">\n\t\t\t\t\t\t\t<div class=\"elementor-shortcode\">\t\t\t<!-- Flexy Breadcrumb -->\r\n\t\t\t<div class=\"fbc fbc-page\">\r\n\r\n\t\t\t\t<!-- Breadcrumb wrapper -->\r\n\t\t\t\t<div class=\"fbc-wrap\">\r\n\r\n\t\t\t\t\t<!-- Ordered list-->\r\n\t\t\t\t\t<ol class=\"fbc-items\" itemscope itemtype=\"https:\/\/schema.org\/BreadcrumbList\">\r\n\t\t\t\t\t\t            <li itemprop=\"itemListElement\" itemscope itemtype=\"https:\/\/schema.org\/ListItem\">\r\n                <span itemprop=\"name\">\r\n                    <!-- Home Link -->\r\n                    <a itemprop=\"item\" href=\"https:\/\/emgirs.gob.ec\/web2025\">\r\n                    \r\n                                                    <i class=\"fa fa-home\" aria-hidden=\"true\"><\/i>Home                    <\/a>\r\n                <\/span>\r\n                <meta itemprop=\"position\" content=\"1\" \/><!-- Meta Position-->\r\n             <\/li><li><span class=\"fbc-separator\">\/<\/span><\/li><li class=\"active\" itemprop=\"itemListElement\" itemscope itemtype=\"https:\/\/schema.org\/ListItem\"><span itemprop=\"name\" title=\"Objetivos Estrat\u00e9gicos 2024-2027\">Objetivos Estrat\u00e9gicos 2024-2027<\/span><meta itemprop=\"position\" content=\"2\" \/><\/li>\t\t\t\t\t<\/ol>\r\n\t\t\t\t\t<div class=\"clearfix\"><\/div>\r\n\t\t\t\t<\/div>\r\n\t\t\t<\/div>\r\n\t\t\t<\/div>\n\t\t\t\t\t\t<\/div>\n\t\t\t\t<\/div>\n\t\t\t\t\t<\/div>\n\t\t\t\t<\/div>\n\t\t<div class=\"elementor-element elementor-element-d325d7f e-flex e-con-boxed e-con e-parent\" data-id=\"d325d7f\" data-element_type=\"container\">\n\t\t\t\t\t<div class=\"e-con-inner\">\n\t\t\t\t<div class=\"elementor-element elementor-element-7451f5d elementor-widget-divider--view-line elementor-widget elementor-widget-divider\" data-id=\"7451f5d\" data-element_type=\"widget\" data-widget_type=\"divider.default\">\n\t\t\t\t<div class=\"elementor-widget-container\">\n\t\t\t\t\t\t\t<div class=\"elementor-divider\">\n\t\t\t<span class=\"elementor-divider-separator\">\n\t\t\t\t\t\t<\/span>\n\t\t<\/div>\n\t\t\t\t\t\t<\/div>\n\t\t\t\t<\/div>\n\t\t<div class=\"elementor-element elementor-element-26cb990 e-flex e-con-boxed e-con e-child\" data-id=\"26cb990\" data-element_type=\"container\">\n\t\t\t\t\t<div class=\"e-con-inner\">\n\t\t\t\t<div class=\"elementor-element elementor-element-0294c4a elementor-widget elementor-widget-heading\" data-id=\"0294c4a\" data-element_type=\"widget\" data-widget_type=\"heading.default\">\n\t\t\t\t<div class=\"elementor-widget-container\">\n\t\t\t\t\t<h5 class=\"elementor-heading-title elementor-size-default\">Objetivos Estrat\u00e9gicos 2024-2027<\/h5>\t\t\t\t<\/div>\n\t\t\t\t<\/div>\n\t\t\t\t\t<\/div>\n\t\t\t\t<\/div>\n\t\t\t\t<div class=\"elementor-element elementor-element-f8e59db elementor-widget-divider--view-line elementor-widget elementor-widget-divider\" data-id=\"f8e59db\" data-element_type=\"widget\" data-widget_type=\"divider.default\">\n\t\t\t\t<div class=\"elementor-widget-container\">\n\t\t\t\t\t\t\t<div class=\"elementor-divider\">\n\t\t\t<span class=\"elementor-divider-separator\">\n\t\t\t\t\t\t<\/span>\n\t\t<\/div>\n\t\t\t\t\t\t<\/div>\n\t\t\t\t<\/div>\n\t\t\t\t\t<\/div>\n\t\t\t\t<\/div>\n\t\t<div class=\"elementor-element elementor-element-6e9a9b8 e-flex e-con-boxed e-con e-parent\" data-id=\"6e9a9b8\" data-element_type=\"container\">\n\t\t\t\t\t<div class=\"e-con-inner\">\n\t\t\t\t<div class=\"elementor-element elementor-element-dc4d4fc elementor-widget elementor-widget-image\" data-id=\"dc4d4fc\" data-element_type=\"widget\" data-widget_type=\"image.default\">\n\t\t\t\t<div class=\"elementor-widget-container\">\n\t\t\t\t\t\t\t\t\t\t\t\t\t\t\t<img fetchpriority=\"high\" decoding=\"async\" width=\"966\" height=\"543\" src=\"https:\/\/emgirs.gob.ec\/web2025\/wp-content\/uploads\/2024\/08\/biogas-web.jpg\" class=\"attachment-large size-large wp-image-1612\" alt=\"\" srcset=\"https:\/\/emgirs.gob.ec\/web2025\/wp-content\/uploads\/2024\/08\/biogas-web.jpg 966w, https:\/\/emgirs.gob.ec\/web2025\/wp-content\/uploads\/2024\/08\/biogas-web-300x169.jpg 300w, https:\/\/emgirs.gob.ec\/web2025\/wp-content\/uploads\/2024\/08\/biogas-web-768x432.jpg 768w\" sizes=\"(max-width: 966px) 100vw, 966px\" \/>\t\t\t\t\t\t\t\t\t\t\t\t\t\t\t<\/div>\n\t\t\t\t<\/div>\n\t\t\t\t\t<\/div>\n\t\t\t\t<\/div>\n\t\t<div class=\"elementor-element elementor-element-43309d2 e-flex e-con-boxed e-con e-parent\" data-id=\"43309d2\" data-element_type=\"container\">\n\t\t\t\t\t<div class=\"e-con-inner\">\n\t\t\t\t<div class=\"elementor-element elementor-element-ae9a458 elementor-widget elementor-widget-text-editor\" data-id=\"ae9a458\" data-element_type=\"widget\" data-widget_type=\"text-editor.default\">\n\t\t\t\t<div class=\"elementor-widget-container\">\n\t\t\t\t\t\t\t\t\t<ul><li>Incrementar el alcance del servicio p\u00fablico en la gesti\u00f3n de los residuos s\u00f3lidos del Distrito Metropolitano de Quito (DMQ) en todas sus fases.<\/li><li>Reducir el impacto ambiental de las operaciones de la EMGIRS EP repotenciando el uso de tecnolog\u00edas avanzadas para el tratamiento de lixiviados y valoraci\u00f3n energ\u00e9tica.<\/li><li>Incrementar la gesti\u00f3n eficiente de los recursos para garantizar la sostenibilidad y crecimiento de la empresa.<\/li><li>Incrementar el desarrollo y bienestar de las comunidades aleda\u00f1as, la ciudadan\u00eda, los usuarios y los trabajadores.<\/li><li>Incrementar la productividad e innovaci\u00f3n de los procesos operativos y administrativos.<br \/>Incrementar las habilidades y competencias del personal.<\/li><\/ul>\t\t\t\t\t\t\t\t<\/div>\n\t\t\t\t<\/div>\n\t\t\t\t\t<\/div>\n\t\t\t\t<\/div>\n\t\t\t\t<\/div>\n\t\t","protected":false},"excerpt":{"rendered":"<p>Objetivos Estrat\u00e9gicos 2024-2027 Incrementar el alcance del servicio p\u00fablico en la gesti\u00f3n de los residuos s\u00f3lidos del Distrito Metropolitano de [&hellip;]<\/p>\n","protected":false},"author":1,"featured_media":0,"parent":0,"menu_order":0,"comment_status":"closed","ping_status":"closed","template":"","meta":{"site-sidebar-layout":"no-sidebar","site-content-layout":"","ast-site-content-layout":"full-width-container","site-content-style":"default","site-sidebar-style":"default","ast-global-header-display":"","ast-banner-title-visibility":"","ast-main-header-display":"","ast-hfb-above-header-display":"","ast-hfb-below-header-display":"","ast-hfb-mobile-header-display":"","site-post-title":"disabled","ast-breadcrumbs-content":"","ast-featured-img":"disabled","footer-sml-layout":"","theme-transparent-header-meta":"","adv-header-id-meta":"","stick-header-meta":"","header-above-stick-meta":"","header-main-stick-meta":"","header-below-stick-meta":"","astra-migrate-meta-layouts":"default","ast-page-background-enabled":"default","ast-page-background-meta":{"desktop":{"background-color":"var(--ast-global-color-5)","background-image":"","background-repeat":"repeat","background-position":"center center","background-size":"auto","background-attachment":"scroll","background-type":"","background-media":"","overlay-type":"","overlay-color":"","overlay-opacity":"","overlay-gradient":""},"tablet":{"background-color":"","background-image":"","background-repeat":"repeat","background-position":"center center","background-size":"auto","background-attachment":"scroll","background-type":"","background-media":"","overlay-type":"","overlay-color":"","overlay-opacity":"","overlay-gradient":""},"mobile":{"background-color":"","background-image":"","background-repeat":"repeat","background-position":"center center","background-size":"auto","background-attachment":"scroll","background-type":"","background-media":"","overlay-type":"","overlay-color":"","overlay-opacity":"","overlay-gradient":""}},"ast-content-background-meta":{"desktop":{"background-color":"var(--ast-global-color-4)","background-image":"","background-repeat":"repeat","background-position":"center center","background-size":"auto","background-attachment":"scroll","background-type":"","background-media":"","overlay-type":"","overlay-color":"","overlay-opacity":"","overlay-gradient":""},"tablet":{"background-color":"var(--ast-global-color-4)","background-image":"","background-repeat":"repeat","background-position":"center center","background-size":"auto","background-attachment":"scroll","background-type":"","background-media":"","overlay-type":"","overlay-color":"","overlay-opacity":"","overlay-gradient":""},"mobile":{"background-color":"var(--ast-global-color-4)","background-image":"","background-repeat":"repeat","background-position":"center center","background-size":"auto","background-attachment":"scroll","background-type":"","background-media":"","overlay-type":"","overlay-color":"","overlay-opacity":"","overlay-gradient":""}},"footnotes":""},"class_list":["post-1622","page","type-page","status-publish","hentry"],"yoast_head":"<!-- This site is optimized with the Yoast SEO plugin v26.0 - https:\/\/yoast.com\/wordpress\/plugins\/seo\/ -->\n<title>Objetivos Estrat\u00e9gicos 2024-2027 - EMGIRS EP<\/title>\n<meta name=\"robots\" content=\"index, follow, max-snippet:-1, max-image-preview:large, max-video-preview:-1\" \/>\n<link rel=\"canonical\" href=\"https:\/\/emgirs.gob.ec\/web2025\/elementor-pagina-1610-2\/\" \/>\n<meta property=\"og:locale\" content=\"es_ES\" \/>\n<meta property=\"og:type\" content=\"article\" \/>\n<meta property=\"og:title\" content=\"Objetivos Estrat\u00e9gicos 2024-2027 - EMGIRS EP\" \/>\n<meta property=\"og:description\" content=\"Objetivos Estrat\u00e9gicos 2024-2027 Incrementar el alcance del servicio p\u00fablico en la gesti\u00f3n de los residuos s\u00f3lidos del Distrito Metropolitano de [&hellip;]\" \/>\n<meta property=\"og:url\" content=\"https:\/\/emgirs.gob.ec\/web2025\/elementor-pagina-1610-2\/\" \/>\n<meta property=\"og:site_name\" content=\"EMGIRS EP\" \/>\n<meta property=\"article:modified_time\" content=\"2024-08-29T17:59:10+00:00\" \/>\n<meta property=\"og:image\" content=\"http:\/\/pruebas.prosegurec.com.ec\/wp-content\/uploads\/2024\/08\/biogas-web.jpg\" \/>\n<meta name=\"twitter:card\" content=\"summary_large_image\" \/>\n<meta name=\"twitter:label1\" content=\"Tiempo de lectura\" \/>\n\t<meta name=\"twitter:data1\" content=\"1 minuto\" \/>\n<script type=\"application\/ld+json\" class=\"yoast-schema-graph\">{\"@context\":\"https:\/\/schema.org\",\"@graph\":[{\"@type\":\"WebPage\",\"@id\":\"https:\/\/emgirs.gob.ec\/web2025\/elementor-pagina-1610-2\/\",\"url\":\"https:\/\/emgirs.gob.ec\/web2025\/elementor-pagina-1610-2\/\",\"name\":\"Objetivos Estrat\u00e9gicos 2024-2027 - EMGIRS EP\",\"isPartOf\":{\"@id\":\"https:\/\/emgirs.gob.ec\/web2025\/#website\"},\"primaryImageOfPage\":{\"@id\":\"https:\/\/emgirs.gob.ec\/web2025\/elementor-pagina-1610-2\/#primaryimage\"},\"image\":{\"@id\":\"https:\/\/emgirs.gob.ec\/web2025\/elementor-pagina-1610-2\/#primaryimage\"},\"thumbnailUrl\":\"http:\/\/pruebas.prosegurec.com.ec\/wp-content\/uploads\/2024\/08\/biogas-web.jpg\",\"datePublished\":\"2024-08-26T06:05:57+00:00\",\"dateModified\":\"2024-08-29T17:59:10+00:00\",\"breadcrumb\":{\"@id\":\"https:\/\/emgirs.gob.ec\/web2025\/elementor-pagina-1610-2\/#breadcrumb\"},\"inLanguage\":\"es\",\"potentialAction\":[{\"@type\":\"ReadAction\",\"target\":[\"https:\/\/emgirs.gob.ec\/web2025\/elementor-pagina-1610-2\/\"]}]},{\"@type\":\"ImageObject\",\"inLanguage\":\"es\",\"@id\":\"https:\/\/emgirs.gob.ec\/web2025\/elementor-pagina-1610-2\/#primaryimage\",\"url\":\"http:\/\/pruebas.prosegurec.com.ec\/wp-content\/uploads\/2024\/08\/biogas-web.jpg\",\"contentUrl\":\"http:\/\/pruebas.prosegurec.com.ec\/wp-content\/uploads\/2024\/08\/biogas-web.jpg\"},{\"@type\":\"BreadcrumbList\",\"@id\":\"https:\/\/emgirs.gob.ec\/web2025\/elementor-pagina-1610-2\/#breadcrumb\",\"itemListElement\":[{\"@type\":\"ListItem\",\"position\":1,\"name\":\"Portada\",\"item\":\"https:\/\/emgirs.gob.ec\/web2025\/\"},{\"@type\":\"ListItem\",\"position\":2,\"name\":\"Objetivos Estrat\u00e9gicos 2024-2027\"}]},{\"@type\":\"WebSite\",\"@id\":\"https:\/\/emgirs.gob.ec\/web2025\/#website\",\"url\":\"https:\/\/emgirs.gob.ec\/web2025\/\",\"name\":\"EMGIRS EP\",\"description\":\"S\u00f3lo otro sitio de WordPress\",\"potentialAction\":[{\"@type\":\"SearchAction\",\"target\":{\"@type\":\"EntryPoint\",\"urlTemplate\":\"https:\/\/emgirs.gob.ec\/web2025\/?s={search_term_string}\"},\"query-input\":{\"@type\":\"PropertyValueSpecification\",\"valueRequired\":true,\"valueName\":\"search_term_string\"}}],\"inLanguage\":\"es\"}]}<\/script>\n<!-- \/ Yoast SEO plugin. -->","yoast_head_json":{"title":"Objetivos Estrat\u00e9gicos 2024-2027 - EMGIRS EP","robots":{"index":"index","follow":"follow","max-snippet":"max-snippet:-1","max-image-preview":"max-image-preview:large","max-video-preview":"max-video-preview:-1"},"canonical":"https:\/\/emgirs.gob.ec\/web2025\/elementor-pagina-1610-2\/","og_locale":"es_ES","og_type":"article","og_title":"Objetivos Estrat\u00e9gicos 2024-2027 - EMGIRS EP","og_description":"Objetivos Estrat\u00e9gicos 2024-2027 Incrementar el alcance del servicio p\u00fablico en la gesti\u00f3n de los residuos s\u00f3lidos del Distrito Metropolitano de [&hellip;]","og_url":"https:\/\/emgirs.gob.ec\/web2025\/elementor-pagina-1610-2\/","og_site_name":"EMGIRS EP","article_modified_time":"2024-08-29T17:59:10+00:00","og_image":[{"url":"http:\/\/pruebas.prosegurec.com.ec\/wp-content\/uploads\/2024\/08\/biogas-web.jpg","type":"","width":"","height":""}],"twitter_card":"summary_large_image","twitter_misc":{"Tiempo de lectura":"1 minuto"},"schema":{"@context":"https:\/\/schema.org","@graph":[{"@type":"WebPage","@id":"https:\/\/emgirs.gob.ec\/web2025\/elementor-pagina-1610-2\/","url":"https:\/\/emgirs.gob.ec\/web2025\/elementor-pagina-1610-2\/","name":"Objetivos Estrat\u00e9gicos 2024-2027 - EMGIRS EP","isPartOf":{"@id":"https:\/\/emgirs.gob.ec\/web2025\/#website"},"primaryImageOfPage":{"@id":"https:\/\/emgirs.gob.ec\/web2025\/elementor-pagina-1610-2\/#primaryimage"},"image":{"@id":"https:\/\/emgirs.gob.ec\/web2025\/elementor-pagina-1610-2\/#primaryimage"},"thumbnailUrl":"http:\/\/pruebas.prosegurec.com.ec\/wp-content\/uploads\/2024\/08\/biogas-web.jpg","datePublished":"2024-08-26T06:05:57+00:00","dateModified":"2024-08-29T17:59:10+00:00","breadcrumb":{"@id":"https:\/\/emgirs.gob.ec\/web2025\/elementor-pagina-1610-2\/#breadcrumb"},"inLanguage":"es","potentialAction":[{"@type":"ReadAction","target":["https:\/\/emgirs.gob.ec\/web2025\/elementor-pagina-1610-2\/"]}]},{"@type":"ImageObject","inLanguage":"es","@id":"https:\/\/emgirs.gob.ec\/web2025\/elementor-pagina-1610-2\/#primaryimage","url":"http:\/\/pruebas.prosegurec.com.ec\/wp-content\/uploads\/2024\/08\/biogas-web.jpg","contentUrl":"http:\/\/pruebas.prosegurec.com.ec\/wp-content\/uploads\/2024\/08\/biogas-web.jpg"},{"@type":"BreadcrumbList","@id":"https:\/\/emgirs.gob.ec\/web2025\/elementor-pagina-1610-2\/#breadcrumb","itemListElement":[{"@type":"ListItem","position":1,"name":"Portada","item":"https:\/\/emgirs.gob.ec\/web2025\/"},{"@type":"ListItem","position":2,"name":"Objetivos Estrat\u00e9gicos 2024-2027"}]},{"@type":"WebSite","@id":"https:\/\/emgirs.gob.ec\/web2025\/#website","url":"https:\/\/emgirs.gob.ec\/web2025\/","name":"EMGIRS EP","description":"S\u00f3lo otro sitio de WordPress","potentialAction":[{"@type":"SearchAction","target":{"@type":"EntryPoint","urlTemplate":"https:\/\/emgirs.gob.ec\/web2025\/?s={search_term_string}"},"query-input":{"@type":"PropertyValueSpecification","valueRequired":true,"valueName":"search_term_string"}}],"inLanguage":"es"}]}},"_links":{"self":[{"href":"https:\/\/emgirs.gob.ec\/web2025\/wp-json\/wp\/v2\/pages\/1622","targetHints":{"allow":["GET"]}}],"collection":[{"href":"https:\/\/emgirs.gob.ec\/web2025\/wp-json\/wp\/v2\/pages"}],"about":[{"href":"https:\/\/emgirs.gob.ec\/web2025\/wp-json\/wp\/v2\/types\/page"}],"author":[{"embeddable":true,"href":"https:\/\/emgirs.gob.ec\/web2025\/wp-json\/wp\/v2\/users\/1"}],"replies":[{"embeddable":true,"href":"https:\/\/emgirs.gob.ec\/web2025\/wp-json\/wp\/v2\/comments?post=1622"}],"version-history":[{"count":18,"href":"https:\/\/emgirs.gob.ec\/web2025\/wp-json\/wp\/v2\/pages\/1622\/revisions"}],"predecessor-version":[{"id":1771,"href":"https:\/\/emgirs.gob.ec\/web2025\/wp-json\/wp\/v2\/pages\/1622\/revisions\/1771"}],"wp:attachment":[{"href":"https:\/\/emgirs.gob.ec\/web2025\/wp-json\/wp\/v2\/media?parent=1622"}],"curies":[{"name":"wp","href":"https:\/\/api.w.org\/{rel}","templated":true}]}}