{"id":1584,"date":"2024-08-26T00:31:39","date_gmt":"2024-08-26T00:31:39","guid":{"rendered":"https:\/\/pruebas.prosegurec.com.ec\/?page_id=1584"},"modified":"2025-08-21T13:56:55","modified_gmt":"2025-08-21T18:56:55","slug":"elementor-1584","status":"publish","type":"page","link":"https:\/\/emgirs.gob.ec\/web2025\/elementor-1584\/","title":{"rendered":"Pol\u00edticas"},"content":{"rendered":"\t\t<div data-elementor-type=\"wp-page\" data-elementor-id=\"1584\" class=\"elementor elementor-1584\" data-elementor-post-type=\"page\">\n\t\t\t\t<div class=\"elementor-element elementor-element-627d038 e-flex e-con-boxed e-con e-parent\" data-id=\"627d038\" data-element_type=\"container\">\n\t\t\t\t\t<div class=\"e-con-inner\">\n\t\t\t\t<div class=\"elementor-element elementor-element-efb351e elementor-widget elementor-widget-shortcode\" data-id=\"efb351e\" data-element_type=\"widget\" data-widget_type=\"shortcode.default\">\n\t\t\t\t<div class=\"elementor-widget-container\">\n\t\t\t\t\t\t\t<div class=\"elementor-shortcode\">\t\t\t<!-- Flexy Breadcrumb -->\r\n\t\t\t<div class=\"fbc fbc-page\">\r\n\r\n\t\t\t\t<!-- Breadcrumb wrapper -->\r\n\t\t\t\t<div class=\"fbc-wrap\">\r\n\r\n\t\t\t\t\t<!-- Ordered list-->\r\n\t\t\t\t\t<ol class=\"fbc-items\" itemscope itemtype=\"https:\/\/schema.org\/BreadcrumbList\">\r\n\t\t\t\t\t\t            <li itemprop=\"itemListElement\" itemscope itemtype=\"https:\/\/schema.org\/ListItem\">\r\n                <span itemprop=\"name\">\r\n                    <!-- Home Link -->\r\n                    <a itemprop=\"item\" href=\"https:\/\/emgirs.gob.ec\/web2025\">\r\n                    \r\n                                                    <i class=\"fa fa-home\" aria-hidden=\"true\"><\/i>Home                    <\/a>\r\n                <\/span>\r\n                <meta itemprop=\"position\" content=\"1\" \/><!-- Meta Position-->\r\n             <\/li><li><span class=\"fbc-separator\">\/<\/span><\/li><li class=\"active\" itemprop=\"itemListElement\" itemscope itemtype=\"https:\/\/schema.org\/ListItem\"><span itemprop=\"name\" title=\"Pol\u00edticas\">Pol\u00edticas<\/span><meta itemprop=\"position\" content=\"2\" \/><\/li>\t\t\t\t\t<\/ol>\r\n\t\t\t\t\t<div class=\"clearfix\"><\/div>\r\n\t\t\t\t<\/div>\r\n\t\t\t<\/div>\r\n\t\t\t<\/div>\n\t\t\t\t\t\t<\/div>\n\t\t\t\t<\/div>\n\t\t\t\t\t<\/div>\n\t\t\t\t<\/div>\n\t\t<div class=\"elementor-element elementor-element-d0d2b33 e-flex e-con-boxed e-con e-parent\" data-id=\"d0d2b33\" data-element_type=\"container\">\n\t\t\t\t\t<div class=\"e-con-inner\">\n\t\t\t\t<div class=\"elementor-element elementor-element-2efdc66 elementor-widget__width-initial elementor-widget-divider--view-line elementor-widget elementor-widget-divider\" data-id=\"2efdc66\" data-element_type=\"widget\" data-widget_type=\"divider.default\">\n\t\t\t\t<div class=\"elementor-widget-container\">\n\t\t\t\t\t\t\t<div class=\"elementor-divider\">\n\t\t\t<span class=\"elementor-divider-separator\">\n\t\t\t\t\t\t<\/span>\n\t\t<\/div>\n\t\t\t\t\t\t<\/div>\n\t\t\t\t<\/div>\n\t\t<div class=\"elementor-element elementor-element-0f67bde e-flex e-con-boxed e-con e-child\" data-id=\"0f67bde\" data-element_type=\"container\">\n\t\t\t\t\t<div class=\"e-con-inner\">\n\t\t\t\t<div class=\"elementor-element elementor-element-e55cd18 elementor-widget elementor-widget-heading\" data-id=\"e55cd18\" data-element_type=\"widget\" data-widget_type=\"heading.default\">\n\t\t\t\t<div class=\"elementor-widget-container\">\n\t\t\t\t\t<h5 class=\"elementor-heading-title elementor-size-default\">Pol\u00edticas<\/h5>\t\t\t\t<\/div>\n\t\t\t\t<\/div>\n\t\t\t\t\t<\/div>\n\t\t\t\t<\/div>\n\t\t\t\t<div class=\"elementor-element elementor-element-18b49de elementor-widget__width-initial elementor-widget-divider--view-line elementor-widget elementor-widget-divider\" data-id=\"18b49de\" data-element_type=\"widget\" data-widget_type=\"divider.default\">\n\t\t\t\t<div class=\"elementor-widget-container\">\n\t\t\t\t\t\t\t<div class=\"elementor-divider\">\n\t\t\t<span class=\"elementor-divider-separator\">\n\t\t\t\t\t\t<\/span>\n\t\t<\/div>\n\t\t\t\t\t\t<\/div>\n\t\t\t\t<\/div>\n\t\t\t\t\t<\/div>\n\t\t\t\t<\/div>\n\t\t<div class=\"elementor-element elementor-element-c010358 e-flex e-con-boxed e-con e-parent\" data-id=\"c010358\" data-element_type=\"container\">\n\t\t\t\t\t<div class=\"e-con-inner\">\n\t\t<div class=\"elementor-element elementor-element-f1b1627 e-grid e-con-full e-con e-child\" data-id=\"f1b1627\" data-element_type=\"container\">\n\t\t\t\t<div class=\"elementor-element elementor-element-cb2291a elementor-widget elementor-widget-image\" data-id=\"cb2291a\" data-element_type=\"widget\" data-widget_type=\"image.default\">\n\t\t\t\t<div class=\"elementor-widget-container\">\n\t\t\t\t\t\t\t\t\t\t\t\t\t\t\t<img fetchpriority=\"high\" decoding=\"async\" width=\"1024\" height=\"521\" src=\"https:\/\/emgirs.gob.ec\/web2025\/wp-content\/uploads\/2024\/08\/encapolitics.jpg\" class=\"attachment-large size-large wp-image-1753\" alt=\"\" srcset=\"https:\/\/emgirs.gob.ec\/web2025\/wp-content\/uploads\/2024\/08\/encapolitics.jpg 1024w, https:\/\/emgirs.gob.ec\/web2025\/wp-content\/uploads\/2024\/08\/encapolitics-300x153.jpg 300w, https:\/\/emgirs.gob.ec\/web2025\/wp-content\/uploads\/2024\/08\/encapolitics-768x391.jpg 768w\" sizes=\"(max-width: 1024px) 100vw, 1024px\" \/>\t\t\t\t\t\t\t\t\t\t\t\t\t\t\t<\/div>\n\t\t\t\t<\/div>\n\t\t\t\t<\/div>\n\t\t\t\t\t<\/div>\n\t\t\t\t<\/div>\n\t\t<div class=\"elementor-element elementor-element-296fc0b e-flex e-con-boxed e-con e-parent\" data-id=\"296fc0b\" data-element_type=\"container\">\n\t\t\t\t\t<div class=\"e-con-inner\">\n\t\t\t\t<div class=\"elementor-element elementor-element-3f99aeb elementor-widget elementor-widget-text-editor\" data-id=\"3f99aeb\" data-element_type=\"widget\" data-widget_type=\"text-editor.default\">\n\t\t\t\t<div class=\"elementor-widget-container\">\n\t\t\t\t\t\t\t\t\t<p>La EMGIRS EP ha establecido pol\u00edticas empresariales con el objetivo de guiar y regular sus operaciones, decisiones y relaciones con sus distintos grupos de inter\u00e9s. Estas pol\u00edticas abarcan \u00e1reas como la calidad del servicio, la protecci\u00f3n del medio ambiente, la \u00e9tica empresarial, la responsabilidad social corporativa y el cumplimiento normativo. Las mismas, reflejan el compromiso de la empresa con la excelencia operativa y al desarrollo sostenible, as\u00ed como su responsabilidad hacia sus empleados, clientes, proveedores, comunidades y el entorno en general.<\/p><ul><li>Pol\u00edtica de Calidad.<\/li><li>Pol\u00edtica de \u00c9tica Empresarial.<\/li><li>Pol\u00edtica de Responsabilidad Social.<\/li><li>Pol\u00edtica Integral de Seguridad de la Informaci\u00f3n.<\/li><li>Pol\u00edtica del Sistema de Gesti\u00f3n Antisoborno.<\/li><\/ul>\t\t\t\t\t\t\t\t<\/div>\n\t\t\t\t<\/div>\n\t\t\t\t\t<\/div>\n\t\t\t\t<\/div>\n\t\t\t\t<\/div>\n\t\t","protected":false},"excerpt":{"rendered":"<p>Pol\u00edticas La EMGIRS EP ha establecido pol\u00edticas empresariales con el objetivo de guiar y regular sus operaciones, decisiones y relaciones [&hellip;]<\/p>\n","protected":false},"author":1,"featured_media":0,"parent":0,"menu_order":0,"comment_status":"closed","ping_status":"closed","template":"","meta":{"site-sidebar-layout":"no-sidebar","site-content-layout":"","ast-site-content-layout":"full-width-container","site-content-style":"default","site-sidebar-style":"default","ast-global-header-display":"","ast-banner-title-visibility":"","ast-main-header-display":"","ast-hfb-above-header-display":"","ast-hfb-below-header-display":"","ast-hfb-mobile-header-display":"","site-post-title":"disabled","ast-breadcrumbs-content":"","ast-featured-img":"disabled","footer-sml-layout":"","theme-transparent-header-meta":"","adv-header-id-meta":"","stick-header-meta":"","header-above-stick-meta":"","header-main-stick-meta":"","header-below-stick-meta":"","astra-migrate-meta-layouts":"default","ast-page-background-enabled":"default","ast-page-background-meta":{"desktop":{"background-color":"var(--ast-global-color-5)","background-image":"","background-repeat":"repeat","background-position":"center center","background-size":"auto","background-attachment":"scroll","background-type":"","background-media":"","overlay-type":"","overlay-color":"","overlay-opacity":"","overlay-gradient":""},"tablet":{"background-color":"","background-image":"","background-repeat":"repeat","background-position":"center center","background-size":"auto","background-attachment":"scroll","background-type":"","background-media":"","overlay-type":"","overlay-color":"","overlay-opacity":"","overlay-gradient":""},"mobile":{"background-color":"","background-image":"","background-repeat":"repeat","background-position":"center center","background-size":"auto","background-attachment":"scroll","background-type":"","background-media":"","overlay-type":"","overlay-color":"","overlay-opacity":"","overlay-gradient":""}},"ast-content-background-meta":{"desktop":{"background-color":"var(--ast-global-color-4)","background-image":"","background-repeat":"repeat","background-position":"center center","background-size":"auto","background-attachment":"scroll","background-type":"","background-media":"","overlay-type":"","overlay-color":"","overlay-opacity":"","overlay-gradient":""},"tablet":{"background-color":"var(--ast-global-color-4)","background-image":"","background-repeat":"repeat","background-position":"center center","background-size":"auto","background-attachment":"scroll","background-type":"","background-media":"","overlay-type":"","overlay-color":"","overlay-opacity":"","overlay-gradient":""},"mobile":{"background-color":"var(--ast-global-color-4)","background-image":"","background-repeat":"repeat","background-position":"center center","background-size":"auto","background-attachment":"scroll","background-type":"","background-media":"","overlay-type":"","overlay-color":"","overlay-opacity":"","overlay-gradient":""}},"footnotes":""},"class_list":["post-1584","page","type-page","status-publish","hentry"],"yoast_head":"<!-- This site is optimized with the Yoast SEO plugin v26.0 - https:\/\/yoast.com\/wordpress\/plugins\/seo\/ -->\n<title>Pol\u00edticas - EMGIRS EP<\/title>\n<meta name=\"robots\" content=\"index, follow, max-snippet:-1, max-image-preview:large, max-video-preview:-1\" \/>\n<link rel=\"canonical\" href=\"https:\/\/emgirs.gob.ec\/web2025\/elementor-1584\/\" \/>\n<meta property=\"og:locale\" content=\"es_ES\" \/>\n<meta property=\"og:type\" content=\"article\" \/>\n<meta property=\"og:title\" content=\"Pol\u00edticas - EMGIRS EP\" \/>\n<meta property=\"og:description\" content=\"Pol\u00edticas La EMGIRS EP ha establecido pol\u00edticas empresariales con el objetivo de guiar y regular sus operaciones, decisiones y relaciones [&hellip;]\" \/>\n<meta property=\"og:url\" content=\"https:\/\/emgirs.gob.ec\/web2025\/elementor-1584\/\" \/>\n<meta property=\"og:site_name\" content=\"EMGIRS EP\" \/>\n<meta property=\"article:modified_time\" content=\"2025-08-21T18:56:55+00:00\" \/>\n<meta property=\"og:image\" content=\"https:\/\/emgirs.gob.ec\/web2025\/wp-content\/uploads\/2024\/08\/encapolitics.jpg\" \/>\n<meta name=\"twitter:card\" content=\"summary_large_image\" \/>\n<meta name=\"twitter:label1\" content=\"Tiempo de lectura\" \/>\n\t<meta name=\"twitter:data1\" content=\"1 minuto\" \/>\n<script type=\"application\/ld+json\" class=\"yoast-schema-graph\">{\"@context\":\"https:\/\/schema.org\",\"@graph\":[{\"@type\":\"WebPage\",\"@id\":\"https:\/\/emgirs.gob.ec\/web2025\/elementor-1584\/\",\"url\":\"https:\/\/emgirs.gob.ec\/web2025\/elementor-1584\/\",\"name\":\"Pol\u00edticas - EMGIRS EP\",\"isPartOf\":{\"@id\":\"https:\/\/emgirs.gob.ec\/web2025\/#website\"},\"primaryImageOfPage\":{\"@id\":\"https:\/\/emgirs.gob.ec\/web2025\/elementor-1584\/#primaryimage\"},\"image\":{\"@id\":\"https:\/\/emgirs.gob.ec\/web2025\/elementor-1584\/#primaryimage\"},\"thumbnailUrl\":\"https:\/\/emgirs.gob.ec\/web2025\/wp-content\/uploads\/2024\/08\/encapolitics.jpg\",\"datePublished\":\"2024-08-26T00:31:39+00:00\",\"dateModified\":\"2025-08-21T18:56:55+00:00\",\"breadcrumb\":{\"@id\":\"https:\/\/emgirs.gob.ec\/web2025\/elementor-1584\/#breadcrumb\"},\"inLanguage\":\"es\",\"potentialAction\":[{\"@type\":\"ReadAction\",\"target\":[\"https:\/\/emgirs.gob.ec\/web2025\/elementor-1584\/\"]}]},{\"@type\":\"ImageObject\",\"inLanguage\":\"es\",\"@id\":\"https:\/\/emgirs.gob.ec\/web2025\/elementor-1584\/#primaryimage\",\"url\":\"https:\/\/emgirs.gob.ec\/web2025\/wp-content\/uploads\/2024\/08\/encapolitics.jpg\",\"contentUrl\":\"https:\/\/emgirs.gob.ec\/web2025\/wp-content\/uploads\/2024\/08\/encapolitics.jpg\",\"width\":1024,\"height\":521},{\"@type\":\"BreadcrumbList\",\"@id\":\"https:\/\/emgirs.gob.ec\/web2025\/elementor-1584\/#breadcrumb\",\"itemListElement\":[{\"@type\":\"ListItem\",\"position\":1,\"name\":\"Portada\",\"item\":\"https:\/\/emgirs.gob.ec\/web2025\/\"},{\"@type\":\"ListItem\",\"position\":2,\"name\":\"Pol\u00edticas\"}]},{\"@type\":\"WebSite\",\"@id\":\"https:\/\/emgirs.gob.ec\/web2025\/#website\",\"url\":\"https:\/\/emgirs.gob.ec\/web2025\/\",\"name\":\"EMGIRS EP\",\"description\":\"S\u00f3lo otro sitio de WordPress\",\"potentialAction\":[{\"@type\":\"SearchAction\",\"target\":{\"@type\":\"EntryPoint\",\"urlTemplate\":\"https:\/\/emgirs.gob.ec\/web2025\/?s={search_term_string}\"},\"query-input\":{\"@type\":\"PropertyValueSpecification\",\"valueRequired\":true,\"valueName\":\"search_term_string\"}}],\"inLanguage\":\"es\"}]}<\/script>\n<!-- \/ Yoast SEO plugin. -->","yoast_head_json":{"title":"Pol\u00edticas - EMGIRS EP","robots":{"index":"index","follow":"follow","max-snippet":"max-snippet:-1","max-image-preview":"max-image-preview:large","max-video-preview":"max-video-preview:-1"},"canonical":"https:\/\/emgirs.gob.ec\/web2025\/elementor-1584\/","og_locale":"es_ES","og_type":"article","og_title":"Pol\u00edticas - EMGIRS EP","og_description":"Pol\u00edticas La EMGIRS EP ha establecido pol\u00edticas empresariales con el objetivo de guiar y regular sus operaciones, decisiones y relaciones [&hellip;]","og_url":"https:\/\/emgirs.gob.ec\/web2025\/elementor-1584\/","og_site_name":"EMGIRS EP","article_modified_time":"2025-08-21T18:56:55+00:00","og_image":[{"url":"https:\/\/emgirs.gob.ec\/web2025\/wp-content\/uploads\/2024\/08\/encapolitics.jpg","type":"","width":"","height":""}],"twitter_card":"summary_large_image","twitter_misc":{"Tiempo de lectura":"1 minuto"},"schema":{"@context":"https:\/\/schema.org","@graph":[{"@type":"WebPage","@id":"https:\/\/emgirs.gob.ec\/web2025\/elementor-1584\/","url":"https:\/\/emgirs.gob.ec\/web2025\/elementor-1584\/","name":"Pol\u00edticas - EMGIRS EP","isPartOf":{"@id":"https:\/\/emgirs.gob.ec\/web2025\/#website"},"primaryImageOfPage":{"@id":"https:\/\/emgirs.gob.ec\/web2025\/elementor-1584\/#primaryimage"},"image":{"@id":"https:\/\/emgirs.gob.ec\/web2025\/elementor-1584\/#primaryimage"},"thumbnailUrl":"https:\/\/emgirs.gob.ec\/web2025\/wp-content\/uploads\/2024\/08\/encapolitics.jpg","datePublished":"2024-08-26T00:31:39+00:00","dateModified":"2025-08-21T18:56:55+00:00","breadcrumb":{"@id":"https:\/\/emgirs.gob.ec\/web2025\/elementor-1584\/#breadcrumb"},"inLanguage":"es","potentialAction":[{"@type":"ReadAction","target":["https:\/\/emgirs.gob.ec\/web2025\/elementor-1584\/"]}]},{"@type":"ImageObject","inLanguage":"es","@id":"https:\/\/emgirs.gob.ec\/web2025\/elementor-1584\/#primaryimage","url":"https:\/\/emgirs.gob.ec\/web2025\/wp-content\/uploads\/2024\/08\/encapolitics.jpg","contentUrl":"https:\/\/emgirs.gob.ec\/web2025\/wp-content\/uploads\/2024\/08\/encapolitics.jpg","width":1024,"height":521},{"@type":"BreadcrumbList","@id":"https:\/\/emgirs.gob.ec\/web2025\/elementor-1584\/#breadcrumb","itemListElement":[{"@type":"ListItem","position":1,"name":"Portada","item":"https:\/\/emgirs.gob.ec\/web2025\/"},{"@type":"ListItem","position":2,"name":"Pol\u00edticas"}]},{"@type":"WebSite","@id":"https:\/\/emgirs.gob.ec\/web2025\/#website","url":"https:\/\/emgirs.gob.ec\/web2025\/","name":"EMGIRS EP","description":"S\u00f3lo otro sitio de WordPress","potentialAction":[{"@type":"SearchAction","target":{"@type":"EntryPoint","urlTemplate":"https:\/\/emgirs.gob.ec\/web2025\/?s={search_term_string}"},"query-input":{"@type":"PropertyValueSpecification","valueRequired":true,"valueName":"search_term_string"}}],"inLanguage":"es"}]}},"_links":{"self":[{"href":"https:\/\/emgirs.gob.ec\/web2025\/wp-json\/wp\/v2\/pages\/1584","targetHints":{"allow":["GET"]}}],"collection":[{"href":"https:\/\/emgirs.gob.ec\/web2025\/wp-json\/wp\/v2\/pages"}],"about":[{"href":"https:\/\/emgirs.gob.ec\/web2025\/wp-json\/wp\/v2\/types\/page"}],"author":[{"embeddable":true,"href":"https:\/\/emgirs.gob.ec\/web2025\/wp-json\/wp\/v2\/users\/1"}],"replies":[{"embeddable":true,"href":"https:\/\/emgirs.gob.ec\/web2025\/wp-json\/wp\/v2\/comments?post=1584"}],"version-history":[{"count":43,"href":"https:\/\/emgirs.gob.ec\/web2025\/wp-json\/wp\/v2\/pages\/1584\/revisions"}],"predecessor-version":[{"id":2889,"href":"https:\/\/emgirs.gob.ec\/web2025\/wp-json\/wp\/v2\/pages\/1584\/revisions\/2889"}],"wp:attachment":[{"href":"https:\/\/emgirs.gob.ec\/web2025\/wp-json\/wp\/v2\/media?parent=1584"}],"curies":[{"name":"wp","href":"https:\/\/api.w.org\/{rel}","templated":true}]}}